{"id":109,"date":"2024-11-18T08:55:49","date_gmt":"2024-11-18T08:55:49","guid":{"rendered":"https:\/\/asta-foodtec.de\/?page_id=109"},"modified":"2026-02-16T15:04:35","modified_gmt":"2026-02-16T15:04:35","slug":"kontakt","status":"publish","type":"page","link":"https:\/\/asta-foodtec.de\/en\/kontakt\/","title":{"rendered":"Contact"},"content":{"rendered":"<div class=\"wp-block-group alignfull has-accent-5-background-color has-background has-global-padding is-layout-constrained wp-container-core-group-is-layout-d89aad35 wp-block-group-is-layout-constrained\" style=\"margin-top:0;margin-bottom:0;padding-top:var(--wp--preset--spacing--50);padding-right:var(--wp--preset--spacing--50);padding-bottom:var(--wp--preset--spacing--50);padding-left:var(--wp--preset--spacing--50)\">\n<div class=\"wp-block-columns alignwide is-layout-flex wp-container-core-columns-is-layout-1da03c2a wp-block-columns-is-layout-flex\">\n<div class=\"wp-block-column is-vertically-aligned-center is-layout-flow wp-block-column-is-layout-flow\" style=\"flex-basis:60%\">\n<figure class=\"wp-block-image size-full is-style-rounded wp-duotone-unset-2 is-style-rounded--1\"><img loading=\"lazy\" decoding=\"async\" width=\"2560\" height=\"1707\" src=\"https:\/\/asta-foodtec.de\/wp-content\/uploads\/2024\/11\/ASTAfoodtec_Kuehe_Landschaft_web-scaled.jpg\" alt=\"ASTAfoodtec Landschaft Kuehe\" class=\"wp-image-19\" style=\"aspect-ratio:4\/3;object-fit:cover\" srcset=\"https:\/\/asta-foodtec.de\/wp-content\/uploads\/2024\/11\/ASTAfoodtec_Kuehe_Landschaft_web-scaled.jpg 2560w, https:\/\/asta-foodtec.de\/wp-content\/uploads\/2024\/11\/ASTAfoodtec_Kuehe_Landschaft_web-300x200.jpg 300w, https:\/\/asta-foodtec.de\/wp-content\/uploads\/2024\/11\/ASTAfoodtec_Kuehe_Landschaft_web-1024x683.jpg 1024w, https:\/\/asta-foodtec.de\/wp-content\/uploads\/2024\/11\/ASTAfoodtec_Kuehe_Landschaft_web-768x512.jpg 768w, https:\/\/asta-foodtec.de\/wp-content\/uploads\/2024\/11\/ASTAfoodtec_Kuehe_Landschaft_web-1536x1024.jpg 1536w, https:\/\/asta-foodtec.de\/wp-content\/uploads\/2024\/11\/ASTAfoodtec_Kuehe_Landschaft_web-2048x1365.jpg 2048w\" sizes=\"auto, (max-width: 2560px) 100vw, 2560px\" \/><\/figure>\n<\/div>\n\n\n\n<div class=\"wp-block-column is-layout-flow wp-block-column-is-layout-flow\" style=\"flex-basis:40%\">\n<h2 class=\"wp-block-heading\">We look forward to meeting you!<\/h2>\n\n\n\n<p>Do you have any questions or a specific request? We\u2019re your reliable partner and look forward to hearing from you. Whether it\u2019s tailored solutions, quick answers, or personal consultation \u2013 our team is here to support you.<\/p>\n\n\n\n<p><strong>Get in touch with us today<\/strong> and let\u2019s work together to increase your success!<\/p>\n\n\n\n<div class=\"wp-block-buttons is-layout-flex wp-block-buttons-is-layout-flex\">\n<div class=\"wp-block-button\"><a class=\"wp-block-button__link wp-element-button\" href=\"mailto:office@asta-foodtec.de\">Email<\/a><\/div>\n\n\n\n<div class=\"wp-block-button\"><a class=\"wp-block-button__link wp-element-button\" href=\"tel:00492521829280\">Call<\/a><\/div>\n<\/div>\n<\/div>\n<\/div>\n<\/div>\n\n\n\n<div class=\"wp-block-group alignfull has-global-padding is-layout-constrained wp-container-core-group-is-layout-669513ed wp-block-group-is-layout-constrained\" style=\"margin-top:0;margin-bottom:0;padding-top:var(--wp--preset--spacing--50);padding-right:var(--wp--preset--spacing--50);padding-bottom:var(--wp--preset--spacing--50);padding-left:var(--wp--preset--spacing--50)\">\n<div class=\"wp-block-group is-vertical is-content-justification-center is-layout-flex wp-container-core-group-is-layout-ce155fab wp-block-group-is-layout-flex\">\n<h2 class=\"wp-block-heading has-text-align-center has-xx-large-font-size\">Our team<\/h2>\n\n\n\n<p class=\"has-text-align-center\">Our broad network of specialists brings together a diverse and highly skilled team.<\/p>\n<\/div>\n\n\n\n<div style=\"height:var(--wp--preset--spacing--30)\" aria-hidden=\"true\" class=\"wp-block-spacer\"><\/div>\n\n\n\n<div class=\"wp-block-columns alignwide is-layout-flex wp-container-core-columns-is-layout-4935966c wp-block-columns-is-layout-flex\" style=\"padding-right:0;padding-left:0\">\n<div class=\"wp-block-column is-layout-flow wp-block-column-is-layout-flow\">\n<figure class=\"wp-block-image size-full is-style-rounded is-style-rounded--3\"><a href=\"mailto:h.bertsch@asta-foodtec.de\"><img loading=\"lazy\" decoding=\"async\" width=\"2560\" height=\"2560\" src=\"https:\/\/asta-foodtec.de\/wp-content\/uploads\/2024\/11\/BERTSCHfoodtec_Bertsch-Hubert-jun-1-web-edited-scaled.jpg\" alt=\"\" class=\"wp-image-155\" style=\"aspect-ratio:1;object-fit:cover\" srcset=\"https:\/\/asta-foodtec.de\/wp-content\/uploads\/2024\/11\/BERTSCHfoodtec_Bertsch-Hubert-jun-1-web-edited-scaled.jpg 2560w, https:\/\/asta-foodtec.de\/wp-content\/uploads\/2024\/11\/BERTSCHfoodtec_Bertsch-Hubert-jun-1-web-edited-300x300.jpg 300w, https:\/\/asta-foodtec.de\/wp-content\/uploads\/2024\/11\/BERTSCHfoodtec_Bertsch-Hubert-jun-1-web-edited-1024x1024.jpg 1024w, https:\/\/asta-foodtec.de\/wp-content\/uploads\/2024\/11\/BERTSCHfoodtec_Bertsch-Hubert-jun-1-web-edited-150x150.jpg 150w, https:\/\/asta-foodtec.de\/wp-content\/uploads\/2024\/11\/BERTSCHfoodtec_Bertsch-Hubert-jun-1-web-edited-768x768.jpg 768w, https:\/\/asta-foodtec.de\/wp-content\/uploads\/2024\/11\/BERTSCHfoodtec_Bertsch-Hubert-jun-1-web-edited-1536x1536.jpg 1536w, https:\/\/asta-foodtec.de\/wp-content\/uploads\/2024\/11\/BERTSCHfoodtec_Bertsch-Hubert-jun-1-web-edited-2048x2048.jpg 2048w\" sizes=\"auto, (max-width: 2560px) 100vw, 2560px\" \/><\/a><\/figure>\n\n\n\n<div class=\"wp-block-group is-vertical is-content-justification-center is-nowrap is-layout-flex wp-container-core-group-is-layout-21d4e958 wp-block-group-is-layout-flex\">\n<p class=\"has-text-align-center has-small-font-size\"><strong>Hubert Bertsch<\/strong><\/p>\n\n\n\n<p class=\"has-text-align-center has-small-font-size\">Managing Director<\/p>\n<\/div>\n<\/div>\n\n\n\n<div class=\"wp-block-column is-layout-flow wp-block-column-is-layout-flow\">\n<figure class=\"wp-block-image size-full is-style-rounded is-style-rounded--4\"><a href=\"\/en\/w.eismann@asta-foodtec.de\/\"><img loading=\"lazy\" decoding=\"async\" width=\"2560\" height=\"2560\" src=\"https:\/\/asta-foodtec.de\/wp-content\/uploads\/2024\/11\/ASTAfoodtec_Wilhelm.Eismann-web-edited-scaled.jpg\" alt=\"Wilhelm Eismann\" class=\"wp-image-156\" style=\"aspect-ratio:1;object-fit:cover\" srcset=\"https:\/\/asta-foodtec.de\/wp-content\/uploads\/2024\/11\/ASTAfoodtec_Wilhelm.Eismann-web-edited-scaled.jpg 2560w, https:\/\/asta-foodtec.de\/wp-content\/uploads\/2024\/11\/ASTAfoodtec_Wilhelm.Eismann-web-edited-300x300.jpg 300w, https:\/\/asta-foodtec.de\/wp-content\/uploads\/2024\/11\/ASTAfoodtec_Wilhelm.Eismann-web-edited-1024x1024.jpg 1024w, https:\/\/asta-foodtec.de\/wp-content\/uploads\/2024\/11\/ASTAfoodtec_Wilhelm.Eismann-web-edited-150x150.jpg 150w, https:\/\/asta-foodtec.de\/wp-content\/uploads\/2024\/11\/ASTAfoodtec_Wilhelm.Eismann-web-edited-768x768.jpg 768w, https:\/\/asta-foodtec.de\/wp-content\/uploads\/2024\/11\/ASTAfoodtec_Wilhelm.Eismann-web-edited-1536x1536.jpg 1536w, https:\/\/asta-foodtec.de\/wp-content\/uploads\/2024\/11\/ASTAfoodtec_Wilhelm.Eismann-web-edited-2048x2048.jpg 2048w\" sizes=\"auto, (max-width: 2560px) 100vw, 2560px\" \/><\/a><\/figure>\n\n\n\n<div class=\"wp-block-group is-vertical is-content-justification-center is-nowrap is-layout-flex wp-container-core-group-is-layout-63bfd6c1 wp-block-group-is-layout-flex\">\n<p class=\"has-text-align-center has-small-font-size\"><strong>Wilhelm Eismann<\/strong><\/p>\n\n\n\n<p class=\"has-text-align-center has-small-font-size\">Technical Director<\/p>\n<\/div>\n<\/div>\n\n\n\n<div class=\"wp-block-column is-layout-flow wp-block-column-is-layout-flow\">\n<figure class=\"wp-block-image size-full is-style-rounded is-style-rounded--5\"><a href=\"\/en\/m.mokhtar@asta-foodtec.de\/\"><img loading=\"lazy\" decoding=\"async\" width=\"1709\" height=\"2560\" src=\"https:\/\/asta-foodtec.de\/wp-content\/uploads\/2024\/11\/ASTAfoodtec_M.Mokhtar-web-1-scaled.jpg\" alt=\"Mostafa Mokhtar\" class=\"wp-image-154\" style=\"aspect-ratio:1;object-fit:cover\" srcset=\"https:\/\/asta-foodtec.de\/wp-content\/uploads\/2024\/11\/ASTAfoodtec_M.Mokhtar-web-1-scaled.jpg 1709w, https:\/\/asta-foodtec.de\/wp-content\/uploads\/2024\/11\/ASTAfoodtec_M.Mokhtar-web-1-200x300.jpg 200w, https:\/\/asta-foodtec.de\/wp-content\/uploads\/2024\/11\/ASTAfoodtec_M.Mokhtar-web-1-684x1024.jpg 684w, https:\/\/asta-foodtec.de\/wp-content\/uploads\/2024\/11\/ASTAfoodtec_M.Mokhtar-web-1-768x1150.jpg 768w, https:\/\/asta-foodtec.de\/wp-content\/uploads\/2024\/11\/ASTAfoodtec_M.Mokhtar-web-1-1025x1536.jpg 1025w, https:\/\/asta-foodtec.de\/wp-content\/uploads\/2024\/11\/ASTAfoodtec_M.Mokhtar-web-1-1367x2048.jpg 1367w\" sizes=\"auto, (max-width: 1709px) 100vw, 1709px\" \/><\/a><\/figure>\n\n\n\n<div class=\"wp-block-group is-vertical is-content-justification-center is-nowrap is-layout-flex wp-container-core-group-is-layout-63bfd6c1 wp-block-group-is-layout-flex\">\n<p class=\"has-text-align-center has-small-font-size\"><strong>Mostafa Mokhtar<\/strong><\/p>\n\n\n\n<p class=\"has-text-align-center has-small-font-size\">Project Engineer<\/p>\n<\/div>\n<\/div>\n\n\n\n<div class=\"wp-block-column is-layout-flow wp-block-column-is-layout-flow\">\n<figure class=\"wp-block-image size-full is-style-rounded is-style-rounded--6\"><a href=\"\/en\/j.starp@asta-foodtec.de\/\"><img loading=\"lazy\" decoding=\"async\" width=\"1709\" height=\"2560\" src=\"https:\/\/asta-foodtec.de\/wp-content\/uploads\/2024\/11\/ASTAfoodtec_J.Starp-web-scaled.jpg\" alt=\"J\u00fcrgen Starp\" class=\"wp-image-152\" style=\"aspect-ratio:1;object-fit:cover\" srcset=\"https:\/\/asta-foodtec.de\/wp-content\/uploads\/2024\/11\/ASTAfoodtec_J.Starp-web-scaled.jpg 1709w, https:\/\/asta-foodtec.de\/wp-content\/uploads\/2024\/11\/ASTAfoodtec_J.Starp-web-200x300.jpg 200w, https:\/\/asta-foodtec.de\/wp-content\/uploads\/2024\/11\/ASTAfoodtec_J.Starp-web-684x1024.jpg 684w, https:\/\/asta-foodtec.de\/wp-content\/uploads\/2024\/11\/ASTAfoodtec_J.Starp-web-768x1150.jpg 768w, https:\/\/asta-foodtec.de\/wp-content\/uploads\/2024\/11\/ASTAfoodtec_J.Starp-web-1025x1536.jpg 1025w, https:\/\/asta-foodtec.de\/wp-content\/uploads\/2024\/11\/ASTAfoodtec_J.Starp-web-1367x2048.jpg 1367w\" sizes=\"auto, (max-width: 1709px) 100vw, 1709px\" \/><\/a><\/figure>\n\n\n\n<div class=\"wp-block-group is-vertical is-content-justification-center is-nowrap is-layout-flex wp-container-core-group-is-layout-21d4e958 wp-block-group-is-layout-flex\">\n<p class=\"has-text-align-center has-small-font-size\"><strong>J\u00fcrgen Starp<\/strong><\/p>\n\n\n\n<p class=\"has-text-align-center has-small-font-size\">Project Engineer | Designer<\/p>\n<\/div>\n<\/div>\n<\/div>\n<\/div>\n\n\n\n<div class=\"wp-block-group alignfull has-global-padding is-layout-constrained wp-container-core-group-is-layout-d89aad35 wp-block-group-is-layout-constrained\" style=\"margin-top:0;margin-bottom:0;padding-top:var(--wp--preset--spacing--50);padding-right:var(--wp--preset--spacing--50);padding-bottom:var(--wp--preset--spacing--50);padding-left:var(--wp--preset--spacing--50)\">\n<div class=\"wp-block-columns alignwide are-vertically-aligned-center is-layout-flex wp-container-core-columns-is-layout-47c06fe3 wp-block-columns-is-layout-flex\">\n<div class=\"wp-block-column is-vertically-aligned-center is-layout-flow wp-block-column-is-layout-flow\" style=\"flex-basis:50%\">\n<h2 class=\"wp-block-heading\">Everything at a glance:<\/h2>\n\n\n\n<ul style=\"line-height:1.75\" class=\"wp-block-list is-style-checkmark-list\">\n<li>Download our folder here:<\/li>\n<\/ul>\n\n\n\n<div class=\"wp-block-buttons is-layout-flex wp-block-buttons-is-layout-flex\">\n<div class=\"wp-block-button\"><a class=\"wp-block-button__link wp-element-button\" href=\"https:\/\/asta-foodtec.de\/wp-content\/uploads\/2026\/02\/ASTAfoodtec_Hofmolkerei_de.pdf\">Download Deutsch<\/a><\/div>\n<\/div>\n\n\n\n<div class=\"wp-block-buttons is-layout-flex wp-block-buttons-is-layout-flex\">\n<div class=\"wp-block-button\"><a class=\"wp-block-button__link wp-element-button\" href=\"https:\/\/asta-foodtec.de\/wp-content\/uploads\/2026\/02\/2026-02_ASTAfoodtec_en.pdf\">Download English<\/a><\/div>\n<\/div>\n\n\n\n<div class=\"wp-block-buttons is-layout-flex wp-block-buttons-is-layout-flex\">\n<div class=\"wp-block-button\"><a class=\"wp-block-button__link wp-element-button\" href=\"https:\/\/asta-foodtec.de\/wp-content\/uploads\/2026\/02\/2026-02_ASTAfoodtec_fr.pdf\">Download Fran\u00e7ais<\/a><\/div>\n<\/div>\n\n\n\n<div class=\"wp-block-buttons is-layout-flex wp-block-buttons-is-layout-flex\">\n<div class=\"wp-block-button\"><a class=\"wp-block-button__link wp-element-button\" href=\"https:\/\/asta-foodtec.de\/wp-content\/uploads\/2026\/02\/2026-02_ASTAfoodtec_it.pdf\">Download Italiano<\/a><\/div>\n<\/div>\n<\/div>\n\n\n\n<div class=\"wp-block-column is-vertically-aligned-center is-layout-flow wp-block-column-is-layout-flow\" style=\"flex-basis:50%\">\n<figure class=\"wp-block-image\"><img loading=\"lazy\" decoding=\"async\" width=\"2560\" height=\"873\" src=\"https:\/\/asta-foodtec.de\/wp-content\/uploads\/2025\/10\/rz_logo_ASTA-foodtec_RGB_negativ-scaled.jpg\" alt=\"\" class=\"wp-image-251\" srcset=\"https:\/\/asta-foodtec.de\/wp-content\/uploads\/2025\/10\/rz_logo_ASTA-foodtec_RGB_negativ-scaled.jpg 2560w, https:\/\/asta-foodtec.de\/wp-content\/uploads\/2025\/10\/rz_logo_ASTA-foodtec_RGB_negativ-300x102.jpg 300w, https:\/\/asta-foodtec.de\/wp-content\/uploads\/2025\/10\/rz_logo_ASTA-foodtec_RGB_negativ-1024x349.jpg 1024w, https:\/\/asta-foodtec.de\/wp-content\/uploads\/2025\/10\/rz_logo_ASTA-foodtec_RGB_negativ-768x262.jpg 768w, https:\/\/asta-foodtec.de\/wp-content\/uploads\/2025\/10\/rz_logo_ASTA-foodtec_RGB_negativ-1536x524.jpg 1536w, https:\/\/asta-foodtec.de\/wp-content\/uploads\/2025\/10\/rz_logo_ASTA-foodtec_RGB_negativ-2048x698.jpg 2048w, https:\/\/asta-foodtec.de\/wp-content\/uploads\/2025\/10\/rz_logo_ASTA-foodtec_RGB_negativ-18x6.jpg 18w\" sizes=\"auto, (max-width: 2560px) 100vw, 2560px\" \/><\/figure>\n<\/div>\n<\/div>\n<\/div>\n\n\n\n<p><\/p>","protected":false},"excerpt":{"rendered":"<p>Wir freuen uns, Sie kennenzulernen! Haben Sie Fragen oder ein konkretes Anliegen? Wir sind Ihr zuverl\u00e4ssiger Partner und freuen uns darauf, von Ihnen zu h\u00f6ren. Ob individuelle L\u00f6sungen, schnelle Antworten oder pers\u00f6nliche Beratung \u2013 unser Team steht Ihnen gerne zur Verf\u00fcgung. Kontaktieren Sie uns noch heute und lassen Sie uns gemeinsam an Ihrem Erfolg arbeiten! [&hellip;]<\/p>\n","protected":false},"author":1,"featured_media":0,"parent":0,"menu_order":0,"comment_status":"closed","ping_status":"closed","template":"","meta":{"footnotes":""},"class_list":["post-109","page","type-page","status-publish","hentry"],"_links":{"self":[{"href":"https:\/\/asta-foodtec.de\/en\/wp-json\/wp\/v2\/pages\/109","targetHints":{"allow":["GET"]}}],"collection":[{"href":"https:\/\/asta-foodtec.de\/en\/wp-json\/wp\/v2\/pages"}],"about":[{"href":"https:\/\/asta-foodtec.de\/en\/wp-json\/wp\/v2\/types\/page"}],"author":[{"embeddable":true,"href":"https:\/\/asta-foodtec.de\/en\/wp-json\/wp\/v2\/users\/1"}],"replies":[{"embeddable":true,"href":"https:\/\/asta-foodtec.de\/en\/wp-json\/wp\/v2\/comments?post=109"}],"version-history":[{"count":12,"href":"https:\/\/asta-foodtec.de\/en\/wp-json\/wp\/v2\/pages\/109\/revisions"}],"predecessor-version":[{"id":268,"href":"https:\/\/asta-foodtec.de\/en\/wp-json\/wp\/v2\/pages\/109\/revisions\/268"}],"wp:attachment":[{"href":"https:\/\/asta-foodtec.de\/en\/wp-json\/wp\/v2\/media?parent=109"}],"curies":[{"name":"wp","href":"https:\/\/api.w.org\/{rel}","templated":true}]}}