{"id":122,"date":"2024-11-20T08:40:18","date_gmt":"2024-11-20T08:40:18","guid":{"rendered":"https:\/\/asta-foodtec.de\/?page_id=122"},"modified":"2025-10-29T08:45:12","modified_gmt":"2025-10-29T08:45:12","slug":"langlebige-produkte","status":"publish","type":"page","link":"https:\/\/asta-foodtec.de\/en\/langlebige-produkte\/","title":{"rendered":"Durable products"},"content":{"rendered":"<div class=\"wp-block-group alignfull has-global-padding is-layout-constrained wp-container-core-group-is-layout-d89aad35 wp-block-group-is-layout-constrained\" style=\"margin-top:0;margin-bottom:0;padding-top:var(--wp--preset--spacing--50);padding-right:var(--wp--preset--spacing--50);padding-bottom:var(--wp--preset--spacing--50);padding-left:var(--wp--preset--spacing--50)\">\n<div class=\"wp-block-group alignwide has-global-padding is-layout-constrained wp-container-core-group-is-layout-19e250f3 wp-block-group-is-layout-constrained\">\n<div class=\"wp-block-group is-vertical is-content-justification-center is-layout-flex wp-container-core-group-is-layout-6329a8f3 wp-block-group-is-layout-flex\">\n<h2 class=\"wp-block-heading has-text-align-center is-style-asterisk\"><strong>One partner<\/strong>, one system<\/h2>\n\n\n\n<p class=\"has-text-align-center\">With our comprehensive product range for on-farm dairies, we cover every stage of the process \u2013 from milk reception and heat treatment to further processing. Discover the high-quality ASTAfoodtec machinery in action through our sample plant.<\/p>\n\n\n\n<p class=\"has-text-align-center\"><\/p>\n<\/div>\n\n\n\n<div style=\"height:var(--wp--preset--spacing--40)\" aria-hidden=\"true\" class=\"wp-block-spacer\"><\/div>\n\n\n\n<figure class=\"wp-block-gallery alignwide has-nested-images columns-default is-cropped wp-block-gallery-2 is-layout-flex wp-block-gallery-is-layout-flex\">\n<figure class=\"wp-block-image size-full is-style-rounded is-style-rounded--1\"><img loading=\"lazy\" decoding=\"async\" width=\"2560\" height=\"1819\" data-id=\"247\" src=\"https:\/\/asta-foodtec.de\/wp-content\/uploads\/2025\/10\/asta_foodtec_bro_de_neu-scaled.jpg\" alt=\"\" class=\"wp-image-247\" srcset=\"https:\/\/asta-foodtec.de\/wp-content\/uploads\/2025\/10\/asta_foodtec_bro_de_neu-scaled.jpg 2560w, https:\/\/asta-foodtec.de\/wp-content\/uploads\/2025\/10\/asta_foodtec_bro_de_neu-300x213.jpg 300w, https:\/\/asta-foodtec.de\/wp-content\/uploads\/2025\/10\/asta_foodtec_bro_de_neu-1024x728.jpg 1024w, https:\/\/asta-foodtec.de\/wp-content\/uploads\/2025\/10\/asta_foodtec_bro_de_neu-768x546.jpg 768w, https:\/\/asta-foodtec.de\/wp-content\/uploads\/2025\/10\/asta_foodtec_bro_de_neu-1536x1091.jpg 1536w, https:\/\/asta-foodtec.de\/wp-content\/uploads\/2025\/10\/asta_foodtec_bro_de_neu-2048x1455.jpg 2048w, https:\/\/asta-foodtec.de\/wp-content\/uploads\/2025\/10\/asta_foodtec_bro_de_neu-18x12.jpg 18w\" sizes=\"auto, (max-width: 2560px) 100vw, 2560px\" \/><\/figure>\n<\/figure>\n\n\n\n<div style=\"height:var(--wp--preset--spacing--40)\" aria-hidden=\"true\" class=\"wp-block-spacer\"><\/div>\n\n\n\n<div class=\"wp-block-columns alignwide is-layout-flex wp-container-core-columns-is-layout-d1c656ed wp-block-columns-is-layout-flex\">\n<div class=\"wp-block-column is-vertically-aligned-center is-layout-flow wp-block-column-is-layout-flow\" style=\"flex-basis:40%\">\n<h3 class=\"wp-block-heading is-style-asterisk\">01 Raw milk tank<\/h3>\n\n\n\n<p>The raw milk tank has a capacity of 2,500 litres. We can equip the milk collection tanks with calibrated measuring systems and milk scales, or with additional weighing options.<\/p>\n<\/div>\n\n\n\n<div class=\"wp-block-column is-layout-flow wp-block-column-is-layout-flow\" style=\"flex-basis:50%\">\n<figure class=\"wp-block-image size-full is-style-rounded is-style-rounded--3\"><img decoding=\"async\" src=\"https:\/\/asta-foodtec.de\/wp-content\/uploads\/2024\/11\/01-asta-foodtec-rohmilchtank.webp\" alt=\"01 ASTAfoodtec Rohmilchtank\" class=\"wp-image-176\"\/><\/figure>\n<\/div>\n<\/div>\n\n\n\n<div style=\"height:var(--wp--preset--spacing--40)\" aria-hidden=\"true\" class=\"wp-block-spacer\"><\/div>\n\n\n\n<div class=\"wp-block-columns alignwide is-layout-flex wp-container-core-columns-is-layout-d1c656ed wp-block-columns-is-layout-flex\">\n<div class=\"wp-block-column is-layout-flow wp-block-column-is-layout-flow\" style=\"flex-basis:50%\">\n<figure class=\"wp-block-image size-large is-style-rounded is-style-rounded--4\"><img loading=\"lazy\" decoding=\"async\" width=\"1024\" height=\"576\" src=\"https:\/\/asta-foodtec.de\/wp-content\/uploads\/2024\/11\/02-asta-foodtec-pasteur-1024x576.webp\" alt=\"02 ASTAfoodtec Pasteur\" class=\"wp-image-177\" srcset=\"https:\/\/asta-foodtec.de\/wp-content\/uploads\/2024\/11\/02-asta-foodtec-pasteur-1024x576.webp 1024w, https:\/\/asta-foodtec.de\/wp-content\/uploads\/2024\/11\/02-asta-foodtec-pasteur-300x169.webp 300w, https:\/\/asta-foodtec.de\/wp-content\/uploads\/2024\/11\/02-asta-foodtec-pasteur-768x432.webp 768w, https:\/\/asta-foodtec.de\/wp-content\/uploads\/2024\/11\/02-asta-foodtec-pasteur-1536x864.webp 1536w, https:\/\/asta-foodtec.de\/wp-content\/uploads\/2024\/11\/02-asta-foodtec-pasteur-2048x1152.webp 2048w\" sizes=\"auto, (max-width: 1024px) 100vw, 1024px\" \/><\/figure>\n<\/div>\n\n\n\n<div class=\"wp-block-column is-vertically-aligned-center is-layout-flow wp-block-column-is-layout-flow\" style=\"flex-basis:40%\">\n<h3 class=\"wp-block-heading is-style-asterisk\">02 Pasteurizer<\/h3>\n\n\n\n<p>Flow pasteurizer for efficient heat treatment of milk. We also offer batch pasteurizers and high-temperature short-time (HTST) heaters.<\/p>\n<\/div>\n<\/div>\n<\/div>\n\n\n\n<div style=\"height:var(--wp--preset--spacing--40)\" aria-hidden=\"true\" class=\"wp-block-spacer\"><\/div>\n\n\n\n<div class=\"wp-block-columns alignwide is-layout-flex wp-container-core-columns-is-layout-d1c656ed wp-block-columns-is-layout-flex\">\n<div class=\"wp-block-column is-vertically-aligned-center is-layout-flow wp-block-column-is-layout-flow\" style=\"flex-basis:40%\">\n<h3 class=\"wp-block-heading is-style-asterisk\">03\u2002Butter churn<\/h3>\n\n\n\n<p>In the butter churner, equipped with beaters and kneading tools at the bottom, cream can be effortlessly churned and kneaded into butter. The butter churner is also suitable for cream heating and maturation.<\/p>\n<\/div>\n\n\n\n<div class=\"wp-block-column is-layout-flow wp-block-column-is-layout-flow\" style=\"flex-basis:50%\">\n<figure class=\"wp-block-image size-large is-style-rounded is-style-rounded--5\"><img loading=\"lazy\" decoding=\"async\" width=\"1024\" height=\"576\" src=\"https:\/\/asta-foodtec.de\/wp-content\/uploads\/2024\/11\/11-asta-foodtec-butterfertiger-1024x576.webp\" alt=\"11 ASTAfoodtec Butterfertiger\" class=\"wp-image-186\" srcset=\"https:\/\/asta-foodtec.de\/wp-content\/uploads\/2024\/11\/11-asta-foodtec-butterfertiger-1024x576.webp 1024w, https:\/\/asta-foodtec.de\/wp-content\/uploads\/2024\/11\/11-asta-foodtec-butterfertiger-300x169.webp 300w, https:\/\/asta-foodtec.de\/wp-content\/uploads\/2024\/11\/11-asta-foodtec-butterfertiger-768x432.webp 768w, https:\/\/asta-foodtec.de\/wp-content\/uploads\/2024\/11\/11-asta-foodtec-butterfertiger-1536x864.webp 1536w, https:\/\/asta-foodtec.de\/wp-content\/uploads\/2024\/11\/11-asta-foodtec-butterfertiger-2048x1152.webp 2048w\" sizes=\"auto, (max-width: 1024px) 100vw, 1024px\" \/><\/figure>\n<\/div>\n<\/div>\n\n\n\n<div style=\"height:var(--wp--preset--spacing--40)\" aria-hidden=\"true\" class=\"wp-block-spacer\"><\/div>\n\n\n\n<div class=\"wp-block-columns alignwide is-layout-flex wp-container-core-columns-is-layout-d1c656ed wp-block-columns-is-layout-flex\">\n<div class=\"wp-block-column is-layout-flow wp-block-column-is-layout-flow\" style=\"flex-basis:50%\">\n<figure class=\"wp-block-image size-large is-style-rounded is-style-rounded--6\"><img loading=\"lazy\" decoding=\"async\" width=\"1024\" height=\"576\" src=\"https:\/\/asta-foodtec.de\/wp-content\/uploads\/2024\/11\/03-asta-foodtec-mehrzweckkessel-1024x576.webp\" alt=\"03 ASTAfoodtec Mehrzweckkessel\" class=\"wp-image-178\" srcset=\"https:\/\/asta-foodtec.de\/wp-content\/uploads\/2024\/11\/03-asta-foodtec-mehrzweckkessel-1024x576.webp 1024w, https:\/\/asta-foodtec.de\/wp-content\/uploads\/2024\/11\/03-asta-foodtec-mehrzweckkessel-300x169.webp 300w, https:\/\/asta-foodtec.de\/wp-content\/uploads\/2024\/11\/03-asta-foodtec-mehrzweckkessel-768x432.webp 768w, https:\/\/asta-foodtec.de\/wp-content\/uploads\/2024\/11\/03-asta-foodtec-mehrzweckkessel-1536x864.webp 1536w, https:\/\/asta-foodtec.de\/wp-content\/uploads\/2024\/11\/03-asta-foodtec-mehrzweckkessel-2048x1152.webp 2048w\" sizes=\"auto, (max-width: 1024px) 100vw, 1024px\" \/><\/figure>\n<\/div>\n\n\n\n<div class=\"wp-block-column is-vertically-aligned-center is-layout-flow wp-block-column-is-layout-flow\" style=\"flex-basis:40%\">\n<h3 class=\"wp-block-heading is-style-asterisk\">04\u2002Multi purpose vat<\/h3>\n\n\n\n<p>Our cheese vat, with a selectable usable capacity ranging from 200 to 3,500 litres, is particularly well suited for small-scale production.<\/p>\n<\/div>\n<\/div>\n\n\n\n<div style=\"height:var(--wp--preset--spacing--40)\" aria-hidden=\"true\" class=\"wp-block-spacer\"><\/div>\n\n\n\n<div class=\"wp-block-columns alignwide is-layout-flex wp-container-core-columns-is-layout-d1c656ed wp-block-columns-is-layout-flex\">\n<div class=\"wp-block-column is-vertically-aligned-center is-layout-flow wp-block-column-is-layout-flow\" style=\"flex-basis:40%\">\n<h3 class=\"wp-block-heading is-style-asterisk\">05 Cheese press<\/h3>\n\n\n\n<p>The cheese is shaped into the desired form in the press. We offer our efficient cheese presses in various designs and sizes to accommodate different cheese moulds.<\/p>\n<\/div>\n\n\n\n<div class=\"wp-block-column is-layout-flow wp-block-column-is-layout-flow\" style=\"flex-basis:50%\">\n<figure class=\"wp-block-image size-large is-style-rounded is-style-rounded--7\"><img loading=\"lazy\" decoding=\"async\" width=\"1024\" height=\"576\" src=\"https:\/\/asta-foodtec.de\/wp-content\/uploads\/2024\/11\/10-asta-foodtec-kaesepresse-1024x576.webp\" alt=\"10 ASTAfoodtec K\u00e4sepresse\" class=\"wp-image-185\" srcset=\"https:\/\/asta-foodtec.de\/wp-content\/uploads\/2024\/11\/10-asta-foodtec-kaesepresse-1024x576.webp 1024w, https:\/\/asta-foodtec.de\/wp-content\/uploads\/2024\/11\/10-asta-foodtec-kaesepresse-300x169.webp 300w, https:\/\/asta-foodtec.de\/wp-content\/uploads\/2024\/11\/10-asta-foodtec-kaesepresse-768x432.webp 768w, https:\/\/asta-foodtec.de\/wp-content\/uploads\/2024\/11\/10-asta-foodtec-kaesepresse-1536x864.webp 1536w, https:\/\/asta-foodtec.de\/wp-content\/uploads\/2024\/11\/10-asta-foodtec-kaesepresse-2048x1152.webp 2048w\" sizes=\"auto, (max-width: 1024px) 100vw, 1024px\" \/><\/figure>\n<\/div>\n<\/div>\n\n\n\n<div style=\"height:var(--wp--preset--spacing--40)\" aria-hidden=\"true\" class=\"wp-block-spacer\"><\/div>\n\n\n\n<div class=\"wp-block-columns alignwide is-layout-flex wp-container-core-columns-is-layout-d1c656ed wp-block-columns-is-layout-flex\">\n<div class=\"wp-block-column is-layout-flow wp-block-column-is-layout-flow\" style=\"flex-basis:50%\">\n<figure class=\"wp-block-image size-large is-style-rounded is-style-rounded--8\"><img loading=\"lazy\" decoding=\"async\" width=\"1024\" height=\"576\" src=\"https:\/\/asta-foodtec.de\/wp-content\/uploads\/2024\/11\/04-asta-foodtec-weichka\u2560esewanne-1024x576.webp\" alt=\"04 ASTAfoodtec Weichk\u00e4sewanne\" class=\"wp-image-179\" srcset=\"https:\/\/asta-foodtec.de\/wp-content\/uploads\/2024\/11\/04-asta-foodtec-weichka\u2560esewanne-1024x576.webp 1024w, https:\/\/asta-foodtec.de\/wp-content\/uploads\/2024\/11\/04-asta-foodtec-weichka\u2560esewanne-300x169.webp 300w, https:\/\/asta-foodtec.de\/wp-content\/uploads\/2024\/11\/04-asta-foodtec-weichka\u2560esewanne-768x432.webp 768w, https:\/\/asta-foodtec.de\/wp-content\/uploads\/2024\/11\/04-asta-foodtec-weichka\u2560esewanne-1536x864.webp 1536w, https:\/\/asta-foodtec.de\/wp-content\/uploads\/2024\/11\/04-asta-foodtec-weichka\u2560esewanne-2048x1152.webp 2048w\" sizes=\"auto, (max-width: 1024px) 100vw, 1024px\" \/><\/figure>\n<\/div>\n\n\n\n<div class=\"wp-block-column is-vertically-aligned-center is-layout-flow wp-block-column-is-layout-flow\" style=\"flex-basis:40%\">\n<h3 class=\"wp-block-heading is-style-asterisk\">06 Soft cheese vat<\/h3>\n\n\n\n<p>We supply semi-circular cheese vats with or without tilting mechanisms, also available on wheels and optionally equipped with agitators.<\/p>\n<\/div>\n<\/div>\n\n\n\n<div style=\"height:var(--wp--preset--spacing--40)\" aria-hidden=\"true\" class=\"wp-block-spacer\"><\/div>\n\n\n\n<div class=\"wp-block-columns alignwide is-layout-flex wp-container-core-columns-is-layout-d1c656ed wp-block-columns-is-layout-flex\">\n<div class=\"wp-block-column is-vertically-aligned-center is-layout-flow wp-block-column-is-layout-flow\" style=\"flex-basis:40%\">\n<h3 class=\"wp-block-heading is-style-asterisk\">07 Pre-pressing vat<\/h3>\n\n\n\n<p>We supply suitable pre-pressing vats with transport and drainage floors for semi-automatic operation, as well as simple, cost-effective pre-pressing vats for manual use.<\/p>\n<\/div>\n\n\n\n<div class=\"wp-block-column is-layout-flow wp-block-column-is-layout-flow\" style=\"flex-basis:50%\">\n<figure class=\"wp-block-image size-large is-style-rounded is-style-rounded--9\"><img loading=\"lazy\" decoding=\"async\" width=\"1024\" height=\"576\" src=\"https:\/\/asta-foodtec.de\/wp-content\/uploads\/2024\/11\/09-asta-foodtec-vorpresswanne-1024x576.webp\" alt=\"09 ASTAfoodtec Vorpresswanne\" class=\"wp-image-184\" srcset=\"https:\/\/asta-foodtec.de\/wp-content\/uploads\/2024\/11\/09-asta-foodtec-vorpresswanne-1024x576.webp 1024w, https:\/\/asta-foodtec.de\/wp-content\/uploads\/2024\/11\/09-asta-foodtec-vorpresswanne-300x169.webp 300w, https:\/\/asta-foodtec.de\/wp-content\/uploads\/2024\/11\/09-asta-foodtec-vorpresswanne-768x432.webp 768w, https:\/\/asta-foodtec.de\/wp-content\/uploads\/2024\/11\/09-asta-foodtec-vorpresswanne-1536x864.webp 1536w, https:\/\/asta-foodtec.de\/wp-content\/uploads\/2024\/11\/09-asta-foodtec-vorpresswanne-2048x1152.webp 2048w\" sizes=\"auto, (max-width: 1024px) 100vw, 1024px\" \/><\/figure>\n<\/div>\n<\/div>\n\n\n\n<div style=\"height:var(--wp--preset--spacing--40)\" aria-hidden=\"true\" class=\"wp-block-spacer\"><\/div>\n\n\n\n<div class=\"wp-block-columns alignwide is-layout-flex wp-container-core-columns-is-layout-d1c656ed wp-block-columns-is-layout-flex\">\n<div class=\"wp-block-column is-layout-flow wp-block-column-is-layout-flow\" style=\"flex-basis:50%\">\n<figure class=\"wp-block-image size-large is-style-rounded is-style-rounded--10\"><img loading=\"lazy\" decoding=\"async\" width=\"1024\" height=\"576\" src=\"https:\/\/asta-foodtec.de\/wp-content\/uploads\/2024\/11\/05-asta-foodtec-joghurtbereiter-1024x576.webp\" alt=\"05 ASTAfoodtec Joghurtbereiter\" class=\"wp-image-180\" srcset=\"https:\/\/asta-foodtec.de\/wp-content\/uploads\/2024\/11\/05-asta-foodtec-joghurtbereiter-1024x576.webp 1024w, https:\/\/asta-foodtec.de\/wp-content\/uploads\/2024\/11\/05-asta-foodtec-joghurtbereiter-300x169.webp 300w, https:\/\/asta-foodtec.de\/wp-content\/uploads\/2024\/11\/05-asta-foodtec-joghurtbereiter-768x432.webp 768w, https:\/\/asta-foodtec.de\/wp-content\/uploads\/2024\/11\/05-asta-foodtec-joghurtbereiter-1536x864.webp 1536w, https:\/\/asta-foodtec.de\/wp-content\/uploads\/2024\/11\/05-asta-foodtec-joghurtbereiter-2048x1152.webp 2048w\" sizes=\"auto, (max-width: 1024px) 100vw, 1024px\" \/><\/figure>\n<\/div>\n\n\n\n<div class=\"wp-block-column is-vertically-aligned-center is-layout-flow wp-block-column-is-layout-flow\" style=\"flex-basis:40%\">\n<h3 class=\"wp-block-heading is-style-asterisk\">08 Yoghurt maker<\/h3>\n\n\n\n<p>The yoghurt maker is ideal for larger-scale production.<\/p>\n<\/div>\n<\/div>\n\n\n\n<div style=\"height:var(--wp--preset--spacing--40)\" aria-hidden=\"true\" class=\"wp-block-spacer\"><\/div>\n\n\n\n<div class=\"wp-block-columns alignwide is-layout-flex wp-container-core-columns-is-layout-d1c656ed wp-block-columns-is-layout-flex\">\n<div class=\"wp-block-column is-vertically-aligned-center is-layout-flow wp-block-column-is-layout-flow\" style=\"flex-basis:40%\">\n<h3 class=\"wp-block-heading is-style-asterisk\">09 Quark maker<\/h3>\n\n\n\n<p>For traditional quark production, we offer practical quark processors in various designs and with different production capacities.<\/p>\n<\/div>\n\n\n\n<div class=\"wp-block-column is-layout-flow wp-block-column-is-layout-flow\" style=\"flex-basis:50%\">\n<figure class=\"wp-block-image size-large is-style-rounded is-style-rounded--11\"><img loading=\"lazy\" decoding=\"async\" width=\"1024\" height=\"576\" src=\"https:\/\/asta-foodtec.de\/wp-content\/uploads\/2024\/11\/06-asta-foodtec-quarkfertiger-1024x576.webp\" alt=\"06 ASTAfoodtec Quarkfertiger\" class=\"wp-image-181\" srcset=\"https:\/\/asta-foodtec.de\/wp-content\/uploads\/2024\/11\/06-asta-foodtec-quarkfertiger-1024x576.webp 1024w, https:\/\/asta-foodtec.de\/wp-content\/uploads\/2024\/11\/06-asta-foodtec-quarkfertiger-300x169.webp 300w, https:\/\/asta-foodtec.de\/wp-content\/uploads\/2024\/11\/06-asta-foodtec-quarkfertiger-768x432.webp 768w, https:\/\/asta-foodtec.de\/wp-content\/uploads\/2024\/11\/06-asta-foodtec-quarkfertiger-1536x864.webp 1536w, https:\/\/asta-foodtec.de\/wp-content\/uploads\/2024\/11\/06-asta-foodtec-quarkfertiger-2048x1152.webp 2048w\" sizes=\"auto, (max-width: 1024px) 100vw, 1024px\" \/><\/figure>\n<\/div>\n<\/div>\n\n\n\n<div style=\"height:var(--wp--preset--spacing--40)\" aria-hidden=\"true\" class=\"wp-block-spacer\"><\/div>\n\n\n\n<div class=\"wp-block-columns alignwide is-layout-flex wp-container-core-columns-is-layout-d1c656ed wp-block-columns-is-layout-flex\">\n<div class=\"wp-block-column is-layout-flow wp-block-column-is-layout-flow\" style=\"flex-basis:50%\">\n<figure class=\"wp-block-image size-large is-style-rounded is-style-rounded--12\"><img loading=\"lazy\" decoding=\"async\" width=\"1024\" height=\"576\" src=\"https:\/\/asta-foodtec.de\/wp-content\/uploads\/2024\/11\/08-asta-foodtec-aud-1024x576.webp\" alt=\"08 ASTAfoodtec Abf\u00fcll- und Dosierpumpe\" class=\"wp-image-183\" srcset=\"https:\/\/asta-foodtec.de\/wp-content\/uploads\/2024\/11\/08-asta-foodtec-aud-1024x576.webp 1024w, https:\/\/asta-foodtec.de\/wp-content\/uploads\/2024\/11\/08-asta-foodtec-aud-300x169.webp 300w, https:\/\/asta-foodtec.de\/wp-content\/uploads\/2024\/11\/08-asta-foodtec-aud-768x432.webp 768w, https:\/\/asta-foodtec.de\/wp-content\/uploads\/2024\/11\/08-asta-foodtec-aud-1536x864.webp 1536w, https:\/\/asta-foodtec.de\/wp-content\/uploads\/2024\/11\/08-asta-foodtec-aud-2048x1152.webp 2048w\" sizes=\"auto, (max-width: 1024px) 100vw, 1024px\" \/><\/figure>\n<\/div>\n\n\n\n<div class=\"wp-block-column is-vertically-aligned-center is-layout-flow wp-block-column-is-layout-flow\" style=\"flex-basis:40%\">\n<h3 class=\"wp-block-heading is-style-asterisk\">10 Filling and dosing pump<\/h3>\n\n\n\n<p>The filling and dosing pump ensures precise volumetric filling of yoghurt or quark.<\/p>\n<\/div>\n<\/div>\n\n\n\n<div style=\"height:var(--wp--preset--spacing--40)\" aria-hidden=\"true\" class=\"wp-block-spacer\"><\/div>\n\n\n\n<div class=\"wp-block-columns alignwide is-layout-flex wp-container-core-columns-is-layout-d1c656ed wp-block-columns-is-layout-flex\">\n<div class=\"wp-block-column is-vertically-aligned-center is-layout-flow wp-block-column-is-layout-flow\" style=\"flex-basis:40%\">\n<h3 class=\"wp-block-heading is-style-asterisk\">11 Mixing tank<\/h3>\n\n\n\n<p>The product is gently mixed without shear forces in a mixing tank with, for example, a 400-litre capacity. Our range of mixing and process tanks offers a wide array of options.<\/p>\n<\/div>\n\n\n\n<div class=\"wp-block-column is-layout-flow wp-block-column-is-layout-flow\" style=\"flex-basis:50%\">\n<figure class=\"wp-block-image size-large is-style-rounded is-style-rounded--13\"><img loading=\"lazy\" decoding=\"async\" width=\"1024\" height=\"576\" src=\"https:\/\/asta-foodtec.de\/wp-content\/uploads\/2024\/11\/07-asta-foodtec-mischbehaelter-1024x576.webp\" alt=\"07 ASTAfoodtec Mischbeh\u00e4lter\" class=\"wp-image-182\" srcset=\"https:\/\/asta-foodtec.de\/wp-content\/uploads\/2024\/11\/07-asta-foodtec-mischbehaelter-1024x576.webp 1024w, https:\/\/asta-foodtec.de\/wp-content\/uploads\/2024\/11\/07-asta-foodtec-mischbehaelter-300x169.webp 300w, https:\/\/asta-foodtec.de\/wp-content\/uploads\/2024\/11\/07-asta-foodtec-mischbehaelter-768x432.webp 768w, https:\/\/asta-foodtec.de\/wp-content\/uploads\/2024\/11\/07-asta-foodtec-mischbehaelter-1536x864.webp 1536w, https:\/\/asta-foodtec.de\/wp-content\/uploads\/2024\/11\/07-asta-foodtec-mischbehaelter-2048x1152.webp 2048w\" sizes=\"auto, (max-width: 1024px) 100vw, 1024px\" \/><\/figure>\n<\/div>\n<\/div>\n\n\n\n<div style=\"height:var(--wp--preset--spacing--40)\" aria-hidden=\"true\" class=\"wp-block-spacer\"><\/div>\n<\/div>\n\n\n\n<p><\/p>","protected":false},"excerpt":{"rendered":"<p>Ein Partner, ein System Mit unserem umfangreichen Produktspektrum f\u00fcr die Hofmolkerei decken wir alle Prozessschritte ab, von der Milchannahme \u00fcber die Milcherhitzung bis hin zur Weiterverarbeitung. Entdecken Sie die hochwertigen ASTAfoodtec Maschinen f\u00fcr die Hofmolkerei anhand unserer Beispielanlage. 01 Rohmilchtank Der Rohmilchtank fasst 2.500 Liter. Die Milchsammeltanks k\u00f6nnen wir mit eichf\u00e4higen Messanlagen und Milchwaagen oder [&hellip;]<\/p>\n","protected":false},"author":1,"featured_media":0,"parent":0,"menu_order":0,"comment_status":"closed","ping_status":"closed","template":"","meta":{"footnotes":""},"class_list":["post-122","page","type-page","status-publish","hentry"],"_links":{"self":[{"href":"https:\/\/asta-foodtec.de\/en\/wp-json\/wp\/v2\/pages\/122","targetHints":{"allow":["GET"]}}],"collection":[{"href":"https:\/\/asta-foodtec.de\/en\/wp-json\/wp\/v2\/pages"}],"about":[{"href":"https:\/\/asta-foodtec.de\/en\/wp-json\/wp\/v2\/types\/page"}],"author":[{"embeddable":true,"href":"https:\/\/asta-foodtec.de\/en\/wp-json\/wp\/v2\/users\/1"}],"replies":[{"embeddable":true,"href":"https:\/\/asta-foodtec.de\/en\/wp-json\/wp\/v2\/comments?post=122"}],"version-history":[{"count":9,"href":"https:\/\/asta-foodtec.de\/en\/wp-json\/wp\/v2\/pages\/122\/revisions"}],"predecessor-version":[{"id":249,"href":"https:\/\/asta-foodtec.de\/en\/wp-json\/wp\/v2\/pages\/122\/revisions\/249"}],"wp:attachment":[{"href":"https:\/\/asta-foodtec.de\/en\/wp-json\/wp\/v2\/media?parent=122"}],"curies":[{"name":"wp","href":"https:\/\/api.w.org\/{rel}","templated":true}]}}