{"id":125,"date":"2024-11-20T08:40:10","date_gmt":"2024-11-20T08:40:10","guid":{"rendered":"https:\/\/asta-foodtec.de\/?page_id=125"},"modified":"2024-11-20T15:14:01","modified_gmt":"2024-11-20T15:14:01","slug":"individuelle-konzepte","status":"publish","type":"page","link":"https:\/\/asta-foodtec.de\/en\/individuelle-konzepte\/","title":{"rendered":"Customised concepts"},"content":{"rendered":"<div class=\"wp-block-group alignfull has-base-2-background-color has-background has-global-padding is-layout-constrained wp-container-core-group-is-layout-669513ed wp-block-group-is-layout-constrained\" style=\"margin-top:0;margin-bottom:0;padding-top:var(--wp--preset--spacing--50);padding-right:var(--wp--preset--spacing--50);padding-bottom:var(--wp--preset--spacing--50);padding-left:var(--wp--preset--spacing--50)\">\n<div class=\"wp-block-group is-vertical is-content-justification-center is-layout-flex wp-container-core-group-is-layout-52b864f0 wp-block-group-is-layout-flex\">\n<h2 class=\"wp-block-heading has-text-align-center is-style-asterisk\">From <strong>consultation<\/strong> to <strong>maintenance<\/strong><\/h2>\n\n\n\n<div style=\"height:0px\" aria-hidden=\"true\" class=\"wp-block-spacer wp-container-content-4f2ccadb\"><\/div>\n\n\n\n<p class=\"has-text-align-center\">We support you from the initial idea through to the maintenance of your system. Benefit from our expertise, optimise your production, and <br>start your project with us today!<\/p>\n<\/div>\n\n\n\n<figure class=\"wp-block-image size-large is-style-rounded is-style-rounded--1\"><img loading=\"lazy\" decoding=\"async\" width=\"1024\" height=\"683\" src=\"https:\/\/asta-foodtec.de\/wp-content\/uploads\/2024\/11\/ASTAfoodtec_Hofmolkerei_Arbeiterinnen_web-1024x683.jpg\" alt=\"ASTAfoodtec Hofmolkerei Fachpersonal\" class=\"wp-image-17\" srcset=\"https:\/\/asta-foodtec.de\/wp-content\/uploads\/2024\/11\/ASTAfoodtec_Hofmolkerei_Arbeiterinnen_web-1024x683.jpg 1024w, https:\/\/asta-foodtec.de\/wp-content\/uploads\/2024\/11\/ASTAfoodtec_Hofmolkerei_Arbeiterinnen_web-300x200.jpg 300w, https:\/\/asta-foodtec.de\/wp-content\/uploads\/2024\/11\/ASTAfoodtec_Hofmolkerei_Arbeiterinnen_web-768x512.jpg 768w, https:\/\/asta-foodtec.de\/wp-content\/uploads\/2024\/11\/ASTAfoodtec_Hofmolkerei_Arbeiterinnen_web-1536x1024.jpg 1536w, https:\/\/asta-foodtec.de\/wp-content\/uploads\/2024\/11\/ASTAfoodtec_Hofmolkerei_Arbeiterinnen_web-2048x1365.jpg 2048w\" sizes=\"auto, (max-width: 1024px) 100vw, 1024px\" \/><\/figure>\n\n\n\n<div style=\"margin-top:0;margin-bottom:0;height:var(--wp--preset--spacing--40)\" aria-hidden=\"true\" class=\"wp-block-spacer\"><\/div>\n\n\n\n<div class=\"wp-block-columns alignwide is-layout-flex wp-container-core-columns-is-layout-d0bbbce0 wp-block-columns-is-layout-flex\">\n<div class=\"wp-block-column is-layout-flow wp-container-core-column-is-layout-e3d1c41b wp-block-column-is-layout-flow\">\n<h3 class=\"wp-block-heading has-text-align-left is-style-asterisk has-body-font-family has-medium-font-size\" style=\"font-style:normal;font-weight:600\">01 General consultation<\/h3>\n\n\n\n<p class=\"has-text-align-left\">We begin by precisely analysing your requirements to ensure optimal project planning. You\u2019ll then receive a tailored proposal based on your needs.<\/p>\n\n\n\n<p class=\"has-text-align-left\"><\/p>\n<\/div>\n\n\n\n<div class=\"wp-block-column is-layout-flow wp-container-core-column-is-layout-e3d1c41b wp-block-column-is-layout-flow\">\n<h3 class=\"wp-block-heading has-text-align-left is-style-asterisk has-body-font-family has-medium-font-size\" style=\"font-style:normal;font-weight:600\">03 Planning &amp; consultation<\/h3>\n\n\n\n<p class=\"has-text-align-left\">Once the project objective is defined, we move into the planning phase. Every step is carefully structured in detail to ensure a smooth and on-schedule execution.<\/p>\n<\/div>\n\n\n\n<div class=\"wp-block-column is-layout-flow wp-container-core-column-is-layout-e3d1c41b wp-block-column-is-layout-flow\">\n<h3 class=\"wp-block-heading has-text-align-left is-style-asterisk has-body-font-family has-medium-font-size\" style=\"font-style:normal;font-weight:600\">05 Maintenance<\/h3>\n\n\n\n<p class=\"has-text-align-left\">Even after the installation of your new system, we remain at your side. Our team ensures regular maintenance to keep your system running smoothly.<\/p>\n\n\n\n<p class=\"has-text-align-left\"><\/p>\n<\/div>\n<\/div>\n\n\n\n<div style=\"height:var(--wp--preset--spacing--20)\" aria-hidden=\"true\" class=\"wp-block-spacer\"><\/div>\n\n\n\n<div class=\"wp-block-columns alignwide is-layout-flex wp-container-core-columns-is-layout-d0bbbce0 wp-block-columns-is-layout-flex\">\n<div class=\"wp-block-column is-layout-flow wp-container-core-column-is-layout-e3d1c41b wp-block-column-is-layout-flow\">\n<h3 class=\"wp-block-heading has-text-align-left is-style-asterisk has-body-font-family has-medium-font-size\" style=\"font-style:normal;font-weight:600\">02 Technological consultation<\/h3>\n\n\n\n<p class=\"has-text-align-left\">We optimise your production down to the last detail \u2013 from layout and automation to energy efficiency. With our solutions, you can save up to 96% in energy consumption!<\/p>\n<\/div>\n\n\n\n<div class=\"wp-block-column is-layout-flow wp-container-core-column-is-layout-e3d1c41b wp-block-column-is-layout-flow\">\n<h3 class=\"wp-block-heading has-text-align-left is-style-asterisk has-body-font-family has-medium-font-size\" style=\"font-style:normal;font-weight:600\">04 Implementation phase<\/h3>\n\n\n\n<p class=\"has-text-align-left\">During the implementation phase, our experts ensure reliable and on-schedule execution \u2013 including delivery, installation, training, commissioning, and system approval.<\/p>\n<\/div>\n\n\n\n<div class=\"wp-block-column is-layout-flow wp-container-core-column-is-layout-e3d1c41b wp-block-column-is-layout-flow\">\n<h3 class=\"wp-block-heading has-text-align-left is-style-asterisk has-body-font-family has-medium-font-size\" style=\"font-style:normal;font-weight:600\">06 Service<\/h3>\n\n\n\n<p class=\"has-text-align-left\">Our technical support is always available to assist you \u2013 whether by phone or on site. If desired, we also offer intensive production support to ensure a smooth and successful system start-up.<\/p>\n<\/div>\n<\/div>\n<\/div>","protected":false},"excerpt":{"rendered":"<p>Von der Beratung bis zur Wartung Wir begleiten Sie von der ersten Idee bis zur Wartung Ihrer Anlage. Profitieren Sie von unserer Expertise, optimieren Sie Ihre Produktion und starten Sie jetzt Ihr Projekt mit uns! 01 Allgemeine Beratung Zuerst analysieren wir Ihre Anforderungen pr\u00e4zise, um Ihr Projekt optimal zu planen. Anschlie\u00dfend erhalten Sie ein ma\u00dfgeschneidertes [&hellip;]<\/p>\n","protected":false},"author":1,"featured_media":0,"parent":0,"menu_order":0,"comment_status":"closed","ping_status":"closed","template":"","meta":{"footnotes":""},"class_list":["post-125","page","type-page","status-publish","hentry"],"_links":{"self":[{"href":"https:\/\/asta-foodtec.de\/en\/wp-json\/wp\/v2\/pages\/125","targetHints":{"allow":["GET"]}}],"collection":[{"href":"https:\/\/asta-foodtec.de\/en\/wp-json\/wp\/v2\/pages"}],"about":[{"href":"https:\/\/asta-foodtec.de\/en\/wp-json\/wp\/v2\/types\/page"}],"author":[{"embeddable":true,"href":"https:\/\/asta-foodtec.de\/en\/wp-json\/wp\/v2\/users\/1"}],"replies":[{"embeddable":true,"href":"https:\/\/asta-foodtec.de\/en\/wp-json\/wp\/v2\/comments?post=125"}],"version-history":[{"count":3,"href":"https:\/\/asta-foodtec.de\/en\/wp-json\/wp\/v2\/pages\/125\/revisions"}],"predecessor-version":[{"id":175,"href":"https:\/\/asta-foodtec.de\/en\/wp-json\/wp\/v2\/pages\/125\/revisions\/175"}],"wp:attachment":[{"href":"https:\/\/asta-foodtec.de\/en\/wp-json\/wp\/v2\/media?parent=125"}],"curies":[{"name":"wp","href":"https:\/\/api.w.org\/{rel}","templated":true}]}}