{"id":128,"date":"2024-11-20T08:40:57","date_gmt":"2024-11-20T08:40:57","guid":{"rendered":"https:\/\/asta-foodtec.de\/?page_id=128"},"modified":"2024-11-20T15:13:07","modified_gmt":"2024-11-20T15:13:07","slug":"hohe-expertise","status":"publish","type":"page","link":"https:\/\/asta-foodtec.de\/en\/hohe-expertise\/","title":{"rendered":"Extensive expertise"},"content":{"rendered":"<div class=\"wp-block-group alignfull has-base-2-background-color has-background has-global-padding is-layout-constrained wp-container-core-group-is-layout-669513ed wp-block-group-is-layout-constrained\" style=\"margin-top:0;margin-bottom:0;padding-top:var(--wp--preset--spacing--50);padding-right:var(--wp--preset--spacing--50);padding-bottom:var(--wp--preset--spacing--50);padding-left:var(--wp--preset--spacing--50)\">\n<div class=\"wp-block-group is-nowrap is-layout-flex wp-container-core-group-is-layout-6c531013 wp-block-group-is-layout-flex\">\n<div class=\"wp-block-group is-vertical is-content-justification-center is-layout-flex wp-container-core-group-is-layout-52b864f0 wp-block-group-is-layout-flex\">\n<h2 class=\"wp-block-heading has-text-align-center is-style-asterisk\">We are <strong>right by your side.<\/strong><\/h2>\n\n\n\n<div style=\"height:0px\" aria-hidden=\"true\" class=\"wp-block-spacer wp-container-content-4f2ccadb\"><\/div>\n\n\n\n<p class=\"has-text-align-center\">Whether you need tailored consultation, training, or technical support \u2013 with our comprehensive full-service offering, we support you in the planning and realization of your system.<\/p>\n<\/div>\n<\/div>\n\n\n\n<figure class=\"wp-block-image size-large is-style-rounded is-style-rounded--1\"><img loading=\"lazy\" decoding=\"async\" width=\"1024\" height=\"683\" src=\"https:\/\/asta-foodtec.de\/wp-content\/uploads\/2024\/11\/ASTAfoodtec_Hofmolkerei_web-1024x683.jpg\" alt=\"ASTAfoodtec Hofmolkerei\" class=\"wp-image-18\" srcset=\"https:\/\/asta-foodtec.de\/wp-content\/uploads\/2024\/11\/ASTAfoodtec_Hofmolkerei_web-1024x683.jpg 1024w, https:\/\/asta-foodtec.de\/wp-content\/uploads\/2024\/11\/ASTAfoodtec_Hofmolkerei_web-300x200.jpg 300w, https:\/\/asta-foodtec.de\/wp-content\/uploads\/2024\/11\/ASTAfoodtec_Hofmolkerei_web-768x512.jpg 768w, https:\/\/asta-foodtec.de\/wp-content\/uploads\/2024\/11\/ASTAfoodtec_Hofmolkerei_web-1536x1024.jpg 1536w, https:\/\/asta-foodtec.de\/wp-content\/uploads\/2024\/11\/ASTAfoodtec_Hofmolkerei_web-2048x1365.jpg 2048w\" sizes=\"auto, (max-width: 1024px) 100vw, 1024px\" \/><\/figure>\n\n\n\n<div style=\"margin-top:0;margin-bottom:0;height:var(--wp--preset--spacing--40)\" aria-hidden=\"true\" class=\"wp-block-spacer\"><\/div>\n\n\n\n<div class=\"wp-block-columns alignwide is-layout-flex wp-container-core-columns-is-layout-d0bbbce0 wp-block-columns-is-layout-flex\">\n<div class=\"wp-block-column is-layout-flow wp-container-core-column-is-layout-e3d1c41b wp-block-column-is-layout-flow\">\n<div class=\"wp-block-group is-nowrap is-layout-flex wp-container-core-group-is-layout-6c531013 wp-block-group-is-layout-flex\">\n<figure class=\"wp-block-image size-full is-resized\"><img loading=\"lazy\" decoding=\"async\" width=\"73\" height=\"66\" src=\"https:\/\/asta-foodtec.de\/wp-content\/uploads\/2024\/11\/image-2.png\" alt=\"\" class=\"wp-image-90\" style=\"width:56px;height:auto\"\/><\/figure>\n\n\n\n<p><strong>Energy and space concept<\/strong><\/p>\n<\/div>\n\n\n\n<p>We develop a comprehensive and customised energy and space concept tailored to your production.<\/p>\n<\/div>\n\n\n\n<div class=\"wp-block-column is-layout-flow wp-container-core-column-is-layout-e3d1c41b wp-block-column-is-layout-flow\">\n<div class=\"wp-block-group is-nowrap is-layout-flex wp-container-core-group-is-layout-6c531013 wp-block-group-is-layout-flex\">\n<figure class=\"wp-block-image size-full is-resized\"><img loading=\"lazy\" decoding=\"async\" width=\"59\" height=\"69\" src=\"https:\/\/asta-foodtec.de\/wp-content\/uploads\/2024\/11\/image-3.png\" alt=\"\" class=\"wp-image-94\" style=\"width:48px;height:auto\"\/><\/figure>\n\n\n\n<p><strong>Project management<\/strong><\/p>\n<\/div>\n\n\n\n<p>We support you throughout the entire project and take care of monitoring during the construction phase of your plant.<\/p>\n<\/div>\n\n\n\n<div class=\"wp-block-column is-layout-flow wp-container-core-column-is-layout-e3d1c41b wp-block-column-is-layout-flow\">\n<div class=\"wp-block-group is-nowrap is-layout-flex wp-container-core-group-is-layout-6c531013 wp-block-group-is-layout-flex\">\n<figure class=\"wp-block-image size-full is-resized\"><img loading=\"lazy\" decoding=\"async\" width=\"74\" height=\"65\" src=\"https:\/\/asta-foodtec.de\/wp-content\/uploads\/2024\/11\/image-4.png\" alt=\"\" class=\"wp-image-96\" style=\"width:55px;height:auto\"\/><\/figure>\n\n\n\n<p><strong>Repair &amp; maintenance<\/strong><\/p>\n<\/div>\n\n\n\n<p>As part of regular maintenance, we replace wear parts or carry out a full system overhaul.<\/p>\n<\/div>\n<\/div>\n\n\n\n<div style=\"height:var(--wp--preset--spacing--20)\" aria-hidden=\"true\" class=\"wp-block-spacer\"><\/div>\n\n\n\n<div class=\"wp-block-columns alignwide is-layout-flex wp-container-core-columns-is-layout-d0bbbce0 wp-block-columns-is-layout-flex\">\n<div class=\"wp-block-column is-layout-flow wp-container-core-column-is-layout-e3d1c41b wp-block-column-is-layout-flow\">\n<div class=\"wp-block-group is-nowrap is-layout-flex wp-container-core-group-is-layout-6c531013 wp-block-group-is-layout-flex\">\n<figure class=\"wp-block-image size-full is-resized\"><img loading=\"lazy\" decoding=\"async\" width=\"93\" height=\"56\" src=\"https:\/\/asta-foodtec.de\/wp-content\/uploads\/2024\/11\/image-5.png\" alt=\"\" class=\"wp-image-98\" style=\"width:69px;height:auto\"\/><\/figure>\n\n\n\n<p><strong>Training &amp; instruction<\/strong><\/p>\n<\/div>\n\n\n\n<p>We train your staff on site to ensure correct operation of the system.<\/p>\n<\/div>\n\n\n\n<div class=\"wp-block-column is-layout-flow wp-container-core-column-is-layout-e3d1c41b wp-block-column-is-layout-flow\">\n<div class=\"wp-block-group is-nowrap is-layout-flex wp-container-core-group-is-layout-6c531013 wp-block-group-is-layout-flex\">\n<figure class=\"wp-block-image size-full is-resized\"><img loading=\"lazy\" decoding=\"async\" width=\"70\" height=\"65\" src=\"https:\/\/asta-foodtec.de\/wp-content\/uploads\/2024\/11\/image-6.png\" alt=\"\" class=\"wp-image-100\" style=\"width:56px;height:auto\"\/><\/figure>\n\n\n\n<p><strong>Technical support<\/strong><\/p>\n<\/div>\n\n\n\n<p>We\u2019re available to assist you with technical matters at any time \u2013 by phone, video conference, or directly on site.<\/p>\n<\/div>\n\n\n\n<div class=\"wp-block-column is-layout-flow wp-container-core-column-is-layout-e3d1c41b wp-block-column-is-layout-flow\">\n<div class=\"wp-block-group is-nowrap is-layout-flex wp-container-core-group-is-layout-6c531013 wp-block-group-is-layout-flex\">\n<figure class=\"wp-block-image size-full is-resized\"><img loading=\"lazy\" decoding=\"async\" width=\"78\" height=\"58\" src=\"https:\/\/asta-foodtec.de\/wp-content\/uploads\/2024\/11\/image-7.png\" alt=\"\" class=\"wp-image-103\" style=\"width:58px;height:auto\"\/><\/figure>\n\n\n\n<p><strong>Retrofit solutions<\/strong><\/p>\n<\/div>\n\n\n\n<p>From a business perspective, modernisation is often the more economical alternative to purchasing a new machine.<\/p>\n<\/div>\n<\/div>\n<\/div>","protected":false},"excerpt":{"rendered":"<p>Wir stehen an Ihrer Seite Ob individuelle Beratung, Schulungen oder technischer Support \u2013 mit unserem umfangreichen Full-Service-Angebot unterst\u00fctzen wir Sie bei der Planung und Realisierung Ihrer Anlage. Energie- &amp; Raumkonzept Wir entwickeln ein umfangreiches und individuelles Energie- sowie Raumkonzept f\u00fcr Ihre Produktion. Projektmanagement Wir begleiten Sie bei der Umsetzung des gesamten Projektes und \u00fcbernehmen f\u00fcr [&hellip;]<\/p>\n","protected":false},"author":1,"featured_media":0,"parent":0,"menu_order":0,"comment_status":"closed","ping_status":"closed","template":"","meta":{"footnotes":""},"class_list":["post-128","page","type-page","status-publish","hentry"],"_links":{"self":[{"href":"https:\/\/asta-foodtec.de\/en\/wp-json\/wp\/v2\/pages\/128","targetHints":{"allow":["GET"]}}],"collection":[{"href":"https:\/\/asta-foodtec.de\/en\/wp-json\/wp\/v2\/pages"}],"about":[{"href":"https:\/\/asta-foodtec.de\/en\/wp-json\/wp\/v2\/types\/page"}],"author":[{"embeddable":true,"href":"https:\/\/asta-foodtec.de\/en\/wp-json\/wp\/v2\/users\/1"}],"replies":[{"embeddable":true,"href":"https:\/\/asta-foodtec.de\/en\/wp-json\/wp\/v2\/comments?post=128"}],"version-history":[{"count":3,"href":"https:\/\/asta-foodtec.de\/en\/wp-json\/wp\/v2\/pages\/128\/revisions"}],"predecessor-version":[{"id":174,"href":"https:\/\/asta-foodtec.de\/en\/wp-json\/wp\/v2\/pages\/128\/revisions\/174"}],"wp:attachment":[{"href":"https:\/\/asta-foodtec.de\/en\/wp-json\/wp\/v2\/media?parent=128"}],"curies":[{"name":"wp","href":"https:\/\/api.w.org\/{rel}","templated":true}]}}