{"id":210,"date":"2025-07-03T14:08:27","date_gmt":"2025-07-03T14:08:27","guid":{"rendered":"https:\/\/asta-foodtec.de\/?page_id=210"},"modified":"2026-03-23T07:20:06","modified_gmt":"2026-03-23T07:20:06","slug":"impressum","status":"publish","type":"page","link":"https:\/\/asta-foodtec.de\/en\/impressum\/","title":{"rendered":"Imprint"},"content":{"rendered":"<div class=\"wp-block-group alignfull has-accent-background-color has-background has-global-padding is-layout-constrained wp-container-core-group-is-layout-669513ed wp-block-group-is-layout-constrained\" style=\"margin-top:0;margin-bottom:0;padding-top:var(--wp--preset--spacing--50);padding-right:var(--wp--preset--spacing--50);padding-bottom:var(--wp--preset--spacing--50);padding-left:var(--wp--preset--spacing--50)\">\n<div class=\"wp-block-columns alignwide is-layout-flex wp-container-core-columns-is-layout-1da03c2a wp-block-columns-is-layout-flex\">\n<div class=\"wp-block-column is-vertically-aligned-stretch is-layout-flow wp-block-column-is-layout-flow\" style=\"flex-basis:50%\">\n<div class=\"wp-block-group is-vertical is-content-justification-stretch is-layout-flex wp-container-core-group-is-layout-444d5ee8 wp-block-group-is-layout-flex\" style=\"min-height:100%\">\n<p><strong>Asta Foodtec GmbH<br><\/strong>Konrad-Adenauer-Ring 80<br>59269 Beckum<br>Germany<br><br>Managing Director:<br>Hubert Bertsch, MA BSc<br><br>Telephone <a href=\"tel:00492521829280\">+49 2521 82928-0<\/a>\u00a0<br>E-Mail: <a href=\"mailto:office@asta-foodtec.de\">office@asta-foodtec.de<\/a> <br><br>VAT ID No.: DE370355974<br>Registry court: M\u00fcnster District Court <br>Commercial register: HRB 22085<\/p>\n<\/div>\n<\/div>\n\n\n\n<div class=\"wp-block-column is-vertically-aligned-center is-layout-flow wp-block-column-is-layout-flow\" style=\"flex-basis:50%\"><\/div>\n<\/div>\n<\/div>\n\n\n\n<div class=\"wp-block-group alignfull has-accent-2-background-color has-background has-global-padding is-layout-constrained wp-container-core-group-is-layout-669513ed wp-block-group-is-layout-constrained\" style=\"margin-top:0;margin-bottom:0;padding-top:var(--wp--preset--spacing--50);padding-right:var(--wp--preset--spacing--50);padding-bottom:var(--wp--preset--spacing--50);padding-left:var(--wp--preset--spacing--50)\">\n<div class=\"wp-block-columns alignwide is-layout-flex wp-container-core-columns-is-layout-28f84493 wp-block-columns-is-layout-flex\">\n<div class=\"wp-block-column is-layout-flow wp-block-column-is-layout-flow\" style=\"flex-basis:40%\">\n<p class=\"wp-container-content-0733e5d0\"><strong>Content<\/strong><br>Claudia Rohner, Head of Marketing<br>Bertsch Holding GmbH<br>Herrengasse 23<br>6700 Bludenz<br>Austria<br><br><strong>Design &amp; development<br><\/strong>WordPress<br><br><strong>Hosting<\/strong><br>Datenstrom IT-Dienstleistungen GmbH<br>Stra\u00dfenh\u00e4user 30<br>6842 Koblach<br>Austria<\/p>\n<\/div>\n<\/div>\n\n\n\n<div style=\"height:var(--wp--preset--spacing--40)\" aria-hidden=\"true\" class=\"wp-block-spacer\"><\/div>\n<\/div>\n\n\n\n<div class=\"wp-block-group alignfull has-accent-background-color has-background has-global-padding is-layout-constrained wp-container-core-group-is-layout-669513ed wp-block-group-is-layout-constrained\" style=\"margin-top:0;margin-bottom:0;padding-top:var(--wp--preset--spacing--50);padding-right:var(--wp--preset--spacing--50);padding-bottom:var(--wp--preset--spacing--50);padding-left:var(--wp--preset--spacing--50)\">\n<div class=\"wp-block-columns alignwide is-layout-flex wp-container-core-columns-is-layout-1da03c2a wp-block-columns-is-layout-flex\">\n<div class=\"wp-block-column is-vertically-aligned-stretch is-layout-flow wp-block-column-is-layout-flow\" style=\"flex-basis:50%\">\n<div class=\"wp-block-group is-vertical is-content-justification-stretch is-layout-flex wp-container-core-group-is-layout-444d5ee8 wp-block-group-is-layout-flex\" style=\"min-height:100%\">\n<p><strong>Liability for content<\/strong><br>The content on our website has been created with the utmost care. However, Asta Foodtec GmbH cannot guarantee the accuracy, completeness, or timeliness of the content. As a service provider, we are responsible for our own content on these pages in accordance with \u00a7 7 (1) TMG under general laws. According to \u00a7\u00a7 8 to 10 TMG, we are not obliged to monitor transmitted or stored third-party information or to investigate circumstances indicating illegal activity. Obligations to remove or block the use of information under general laws remain unaffected. Liability in this regard is only possible from the time of knowledge of a specific infringement. Upon becoming aware of such violations, we will promptly remove the respective content.<\/p>\n\n\n\n<p><strong>Liability for links<\/strong><br>Our website contains links to external third-party websites over which we have no control. Therefore, Asta Foodtec GmbH cannot assume any liability for the content of these external sites. The respective provider or operator of the linked pages is always responsible for their content. The linked pages were checked for possible legal violations at the time of linking, and no illegal content was apparent at that time. However, continuous monitoring of the linked pages is not reasonable without concrete evidence of a violation. Upon becoming aware of legal infringements, we will promptly remove such links.<\/p>\n<\/div>\n<\/div>\n\n\n\n<div class=\"wp-block-column is-vertically-aligned-center is-layout-flow wp-block-column-is-layout-flow\" style=\"flex-basis:50%\"><\/div>\n<\/div>\n<\/div>\n\n\n\n<p><\/p>","protected":false},"excerpt":{"rendered":"<p>Asta Foodtec GmbHKonrad-Adenauer-Ring 8059269 BeckumDeutschland Gesch\u00e4ftsf\u00fchrer:Hubert Bertsch, MA BSc Telefon: +49 2521 82928-0\u00a0E-Mail: office@asta-foodtec.de USt-IDN.: DE370355974Registergericht: Amtsgericht M\u00fcnster Handelsregister: HRB 22085 InhaltClaudia Rohner, Head of MarketingBertsch Holding GmbHHerrengasse 236700 Bludenz\u00d6sterreich Design &amp; GestaltungWordPress HostingDatenstrom IT-Dienstleistungen GmbHStra\u00dfenh\u00e4user 306842 Koblach\u00d6sterreich Haftung f\u00fcr InhalteDie Inhalte unserer Seiten wurden mit gr\u00f6\u00dfter Sorgfalt erstellt. F\u00fcr die Richtigkeit, Vollst\u00e4ndigkeit und Aktualit\u00e4t [&hellip;]<\/p>\n","protected":false},"author":1,"featured_media":0,"parent":0,"menu_order":0,"comment_status":"closed","ping_status":"closed","template":"","meta":{"footnotes":""},"class_list":["post-210","page","type-page","status-publish","hentry"],"_links":{"self":[{"href":"https:\/\/asta-foodtec.de\/en\/wp-json\/wp\/v2\/pages\/210","targetHints":{"allow":["GET"]}}],"collection":[{"href":"https:\/\/asta-foodtec.de\/en\/wp-json\/wp\/v2\/pages"}],"about":[{"href":"https:\/\/asta-foodtec.de\/en\/wp-json\/wp\/v2\/types\/page"}],"author":[{"embeddable":true,"href":"https:\/\/asta-foodtec.de\/en\/wp-json\/wp\/v2\/users\/1"}],"replies":[{"embeddable":true,"href":"https:\/\/asta-foodtec.de\/en\/wp-json\/wp\/v2\/comments?post=210"}],"version-history":[{"count":8,"href":"https:\/\/asta-foodtec.de\/en\/wp-json\/wp\/v2\/pages\/210\/revisions"}],"predecessor-version":[{"id":269,"href":"https:\/\/asta-foodtec.de\/en\/wp-json\/wp\/v2\/pages\/210\/revisions\/269"}],"wp:attachment":[{"href":"https:\/\/asta-foodtec.de\/en\/wp-json\/wp\/v2\/media?parent=210"}],"curies":[{"name":"wp","href":"https:\/\/api.w.org\/{rel}","templated":true}]}}