{"id":122,"date":"2024-11-20T08:40:18","date_gmt":"2024-11-20T08:40:18","guid":{"rendered":"https:\/\/asta-foodtec.de\/?page_id=122"},"modified":"2025-10-29T08:45:12","modified_gmt":"2025-10-29T08:45:12","slug":"langlebige-produkte","status":"publish","type":"page","link":"https:\/\/asta-foodtec.de\/fr\/langlebige-produkte\/","title":{"rendered":"Produits durables"},"content":{"rendered":"<div class=\"wp-block-group alignfull has-global-padding is-layout-constrained wp-container-core-group-is-layout-d89aad35 wp-block-group-is-layout-constrained\" style=\"margin-top:0;margin-bottom:0;padding-top:var(--wp--preset--spacing--50);padding-right:var(--wp--preset--spacing--50);padding-bottom:var(--wp--preset--spacing--50);padding-left:var(--wp--preset--spacing--50)\">\n<div class=\"wp-block-group alignwide has-global-padding is-layout-constrained wp-container-core-group-is-layout-19e250f3 wp-block-group-is-layout-constrained\">\n<div class=\"wp-block-group is-vertical is-content-justification-center is-layout-flex wp-container-core-group-is-layout-6329a8f3 wp-block-group-is-layout-flex\">\n<h2 class=\"wp-block-heading has-text-align-center is-style-asterisk\"><strong>Un partenaire<\/strong>, un syst\u00e8me.<\/h2>\n\n\n\n<p class=\"has-text-align-center\">Gr\u00e2ce \u00e0 notre large gamme de produits pour les fromageries \u00e0 la ferme, nous couvrons toutes les \u00e9tapes du processus, de la r\u00e9ception du lait et du traitement thermique jusqu\u2019\u00e0 la transformation ult\u00e9rieure. D\u00e9couvrez les machines ASTAfoodtec de haute qualit\u00e9 pour la transformation laiti\u00e8re \u00e0 travers notre installation d\u2019exemple.<\/p>\n\n\n\n<p class=\"has-text-align-center\"><\/p>\n<\/div>\n\n\n\n<div style=\"height:var(--wp--preset--spacing--40)\" aria-hidden=\"true\" class=\"wp-block-spacer\"><\/div>\n\n\n\n<figure class=\"wp-block-gallery alignwide has-nested-images columns-default is-cropped wp-block-gallery-2 is-layout-flex wp-block-gallery-is-layout-flex\">\n<figure class=\"wp-block-image size-full is-style-rounded is-style-rounded--1\"><img loading=\"lazy\" decoding=\"async\" width=\"2560\" height=\"1819\" data-id=\"247\" src=\"https:\/\/asta-foodtec.de\/wp-content\/uploads\/2025\/10\/asta_foodtec_bro_de_neu-scaled.jpg\" alt=\"\" class=\"wp-image-247\" srcset=\"https:\/\/asta-foodtec.de\/wp-content\/uploads\/2025\/10\/asta_foodtec_bro_de_neu-scaled.jpg 2560w, https:\/\/asta-foodtec.de\/wp-content\/uploads\/2025\/10\/asta_foodtec_bro_de_neu-300x213.jpg 300w, https:\/\/asta-foodtec.de\/wp-content\/uploads\/2025\/10\/asta_foodtec_bro_de_neu-1024x728.jpg 1024w, https:\/\/asta-foodtec.de\/wp-content\/uploads\/2025\/10\/asta_foodtec_bro_de_neu-768x546.jpg 768w, https:\/\/asta-foodtec.de\/wp-content\/uploads\/2025\/10\/asta_foodtec_bro_de_neu-1536x1091.jpg 1536w, https:\/\/asta-foodtec.de\/wp-content\/uploads\/2025\/10\/asta_foodtec_bro_de_neu-2048x1455.jpg 2048w, https:\/\/asta-foodtec.de\/wp-content\/uploads\/2025\/10\/asta_foodtec_bro_de_neu-18x12.jpg 18w\" sizes=\"auto, (max-width: 2560px) 100vw, 2560px\" \/><\/figure>\n<\/figure>\n\n\n\n<div style=\"height:var(--wp--preset--spacing--40)\" aria-hidden=\"true\" class=\"wp-block-spacer\"><\/div>\n\n\n\n<div class=\"wp-block-columns alignwide is-layout-flex wp-container-core-columns-is-layout-d1c656ed wp-block-columns-is-layout-flex\">\n<div class=\"wp-block-column is-vertically-aligned-center is-layout-flow wp-block-column-is-layout-flow\" style=\"flex-basis:40%\">\n<h3 class=\"wp-block-heading is-style-asterisk\">01 Cuve \u00e0 lait cru<\/h3>\n\n\n\n<p>La cuve \u00e0 lait cru a une capacit\u00e9 de 2 500 litres. Les cuves de collecte du lait peuvent \u00eatre \u00e9quip\u00e9es de syst\u00e8mes de mesure homologables et de balances \u00e0 lait, ou d\u2019autres dispositifs de pesage.<\/p>\n<\/div>\n\n\n\n<div class=\"wp-block-column is-layout-flow wp-block-column-is-layout-flow\" style=\"flex-basis:50%\">\n<figure class=\"wp-block-image size-full is-style-rounded is-style-rounded--3\"><img decoding=\"async\" src=\"https:\/\/asta-foodtec.de\/wp-content\/uploads\/2024\/11\/01-asta-foodtec-rohmilchtank.webp\" alt=\"01 ASTAfoodtec Rohmilchtank\" class=\"wp-image-176\"\/><\/figure>\n<\/div>\n<\/div>\n\n\n\n<div style=\"height:var(--wp--preset--spacing--40)\" aria-hidden=\"true\" class=\"wp-block-spacer\"><\/div>\n\n\n\n<div class=\"wp-block-columns alignwide is-layout-flex wp-container-core-columns-is-layout-d1c656ed wp-block-columns-is-layout-flex\">\n<div class=\"wp-block-column is-layout-flow wp-block-column-is-layout-flow\" style=\"flex-basis:50%\">\n<figure class=\"wp-block-image size-large is-style-rounded is-style-rounded--4\"><img loading=\"lazy\" decoding=\"async\" width=\"1024\" height=\"576\" src=\"https:\/\/asta-foodtec.de\/wp-content\/uploads\/2024\/11\/02-asta-foodtec-pasteur-1024x576.webp\" alt=\"02 ASTAfoodtec Pasteur\" class=\"wp-image-177\" srcset=\"https:\/\/asta-foodtec.de\/wp-content\/uploads\/2024\/11\/02-asta-foodtec-pasteur-1024x576.webp 1024w, https:\/\/asta-foodtec.de\/wp-content\/uploads\/2024\/11\/02-asta-foodtec-pasteur-300x169.webp 300w, https:\/\/asta-foodtec.de\/wp-content\/uploads\/2024\/11\/02-asta-foodtec-pasteur-768x432.webp 768w, https:\/\/asta-foodtec.de\/wp-content\/uploads\/2024\/11\/02-asta-foodtec-pasteur-1536x864.webp 1536w, https:\/\/asta-foodtec.de\/wp-content\/uploads\/2024\/11\/02-asta-foodtec-pasteur-2048x1152.webp 2048w\" sizes=\"auto, (max-width: 1024px) 100vw, 1024px\" \/><\/figure>\n<\/div>\n\n\n\n<div class=\"wp-block-column is-vertically-aligned-center is-layout-flow wp-block-column-is-layout-flow\" style=\"flex-basis:40%\">\n<h3 class=\"wp-block-heading is-style-asterisk\">02 Pasteurisateur<\/h3>\n\n\n\n<p>Pasteurisateur \u00e0 flux continu pour un traitement thermique efficace du lait. Nous proposons \u00e9galement des pasteurisateurs discontinus ou des r\u00e9chauffeurs \u00e0 haute temp\u00e9rature et \u00e0 court temps (HTST).<\/p>\n<\/div>\n<\/div>\n<\/div>\n\n\n\n<div style=\"height:var(--wp--preset--spacing--40)\" aria-hidden=\"true\" class=\"wp-block-spacer\"><\/div>\n\n\n\n<div class=\"wp-block-columns alignwide is-layout-flex wp-container-core-columns-is-layout-d1c656ed wp-block-columns-is-layout-flex\">\n<div class=\"wp-block-column is-vertically-aligned-center is-layout-flow wp-block-column-is-layout-flow\" style=\"flex-basis:40%\">\n<h3 class=\"wp-block-heading is-style-asterisk\">03 Baratte \u00e0 beurre<\/h3>\n\n\n\n<p>Dans la baratte, \u00e9quip\u00e9e d'organes de battage et de malaxage plac\u00e9s au fond, la cr\u00e8me peut \u00eatre transform\u00e9e en beurre de mani\u00e8re simple et efficace. La baratte convient \u00e9galement au chauffage et \u00e0 la maturation de la cr\u00e8me.<\/p>\n<\/div>\n\n\n\n<div class=\"wp-block-column is-layout-flow wp-block-column-is-layout-flow\" style=\"flex-basis:50%\">\n<figure class=\"wp-block-image size-large is-style-rounded is-style-rounded--5\"><img loading=\"lazy\" decoding=\"async\" width=\"1024\" height=\"576\" src=\"https:\/\/asta-foodtec.de\/wp-content\/uploads\/2024\/11\/11-asta-foodtec-butterfertiger-1024x576.webp\" alt=\"11 ASTAfoodtec Butterfertiger\" class=\"wp-image-186\" srcset=\"https:\/\/asta-foodtec.de\/wp-content\/uploads\/2024\/11\/11-asta-foodtec-butterfertiger-1024x576.webp 1024w, https:\/\/asta-foodtec.de\/wp-content\/uploads\/2024\/11\/11-asta-foodtec-butterfertiger-300x169.webp 300w, https:\/\/asta-foodtec.de\/wp-content\/uploads\/2024\/11\/11-asta-foodtec-butterfertiger-768x432.webp 768w, https:\/\/asta-foodtec.de\/wp-content\/uploads\/2024\/11\/11-asta-foodtec-butterfertiger-1536x864.webp 1536w, https:\/\/asta-foodtec.de\/wp-content\/uploads\/2024\/11\/11-asta-foodtec-butterfertiger-2048x1152.webp 2048w\" sizes=\"auto, (max-width: 1024px) 100vw, 1024px\" \/><\/figure>\n<\/div>\n<\/div>\n\n\n\n<div style=\"height:var(--wp--preset--spacing--40)\" aria-hidden=\"true\" class=\"wp-block-spacer\"><\/div>\n\n\n\n<div class=\"wp-block-columns alignwide is-layout-flex wp-container-core-columns-is-layout-d1c656ed wp-block-columns-is-layout-flex\">\n<div class=\"wp-block-column is-layout-flow wp-block-column-is-layout-flow\" style=\"flex-basis:50%\">\n<figure class=\"wp-block-image size-large is-style-rounded is-style-rounded--6\"><img loading=\"lazy\" decoding=\"async\" width=\"1024\" height=\"576\" src=\"https:\/\/asta-foodtec.de\/wp-content\/uploads\/2024\/11\/03-asta-foodtec-mehrzweckkessel-1024x576.webp\" alt=\"03 ASTAfoodtec Mehrzweckkessel\" class=\"wp-image-178\" srcset=\"https:\/\/asta-foodtec.de\/wp-content\/uploads\/2024\/11\/03-asta-foodtec-mehrzweckkessel-1024x576.webp 1024w, https:\/\/asta-foodtec.de\/wp-content\/uploads\/2024\/11\/03-asta-foodtec-mehrzweckkessel-300x169.webp 300w, https:\/\/asta-foodtec.de\/wp-content\/uploads\/2024\/11\/03-asta-foodtec-mehrzweckkessel-768x432.webp 768w, https:\/\/asta-foodtec.de\/wp-content\/uploads\/2024\/11\/03-asta-foodtec-mehrzweckkessel-1536x864.webp 1536w, https:\/\/asta-foodtec.de\/wp-content\/uploads\/2024\/11\/03-asta-foodtec-mehrzweckkessel-2048x1152.webp 2048w\" sizes=\"auto, (max-width: 1024px) 100vw, 1024px\" \/><\/figure>\n<\/div>\n\n\n\n<div class=\"wp-block-column is-vertically-aligned-center is-layout-flow wp-block-column-is-layout-flow\" style=\"flex-basis:40%\">\n<h3 class=\"wp-block-heading is-style-asterisk\">04 Cuve polyvalente<\/h3>\n\n\n\n<p>Pour la production de petites quantit\u00e9s, notre cuve fromag\u00e8re, avec une capacit\u00e9 utile s\u00e9lectionnable de 200 \u00e0 3 500 litres, est particuli\u00e8rement adapt\u00e9e.<\/p>\n<\/div>\n<\/div>\n\n\n\n<div style=\"height:var(--wp--preset--spacing--40)\" aria-hidden=\"true\" class=\"wp-block-spacer\"><\/div>\n\n\n\n<div class=\"wp-block-columns alignwide is-layout-flex wp-container-core-columns-is-layout-d1c656ed wp-block-columns-is-layout-flex\">\n<div class=\"wp-block-column is-vertically-aligned-center is-layout-flow wp-block-column-is-layout-flow\" style=\"flex-basis:40%\">\n<h3 class=\"wp-block-heading is-style-asterisk\">05 Presse \u00e0 fromage<\/h3>\n\n\n\n<p>Dans la presse, le fromage est mis en forme selon la forme souhait\u00e9e. Nous proposons des presses \u00e0 fromage performantes dans diff\u00e9rentes versions et adapt\u00e9es \u00e0 divers formats de moules.<\/p>\n<\/div>\n\n\n\n<div class=\"wp-block-column is-layout-flow wp-block-column-is-layout-flow\" style=\"flex-basis:50%\">\n<figure class=\"wp-block-image size-large is-style-rounded is-style-rounded--7\"><img loading=\"lazy\" decoding=\"async\" width=\"1024\" height=\"576\" src=\"https:\/\/asta-foodtec.de\/wp-content\/uploads\/2024\/11\/10-asta-foodtec-kaesepresse-1024x576.webp\" alt=\"10 ASTAfoodtec K\u00e4sepresse\" class=\"wp-image-185\" srcset=\"https:\/\/asta-foodtec.de\/wp-content\/uploads\/2024\/11\/10-asta-foodtec-kaesepresse-1024x576.webp 1024w, https:\/\/asta-foodtec.de\/wp-content\/uploads\/2024\/11\/10-asta-foodtec-kaesepresse-300x169.webp 300w, https:\/\/asta-foodtec.de\/wp-content\/uploads\/2024\/11\/10-asta-foodtec-kaesepresse-768x432.webp 768w, https:\/\/asta-foodtec.de\/wp-content\/uploads\/2024\/11\/10-asta-foodtec-kaesepresse-1536x864.webp 1536w, https:\/\/asta-foodtec.de\/wp-content\/uploads\/2024\/11\/10-asta-foodtec-kaesepresse-2048x1152.webp 2048w\" sizes=\"auto, (max-width: 1024px) 100vw, 1024px\" \/><\/figure>\n<\/div>\n<\/div>\n\n\n\n<div style=\"height:var(--wp--preset--spacing--40)\" aria-hidden=\"true\" class=\"wp-block-spacer\"><\/div>\n\n\n\n<div class=\"wp-block-columns alignwide is-layout-flex wp-container-core-columns-is-layout-d1c656ed wp-block-columns-is-layout-flex\">\n<div class=\"wp-block-column is-layout-flow wp-block-column-is-layout-flow\" style=\"flex-basis:50%\">\n<figure class=\"wp-block-image size-large is-style-rounded is-style-rounded--8\"><img loading=\"lazy\" decoding=\"async\" width=\"1024\" height=\"576\" src=\"https:\/\/asta-foodtec.de\/wp-content\/uploads\/2024\/11\/04-asta-foodtec-weichka\u2560esewanne-1024x576.webp\" alt=\"04 ASTAfoodtec Weichk\u00e4sewanne\" class=\"wp-image-179\" srcset=\"https:\/\/asta-foodtec.de\/wp-content\/uploads\/2024\/11\/04-asta-foodtec-weichka\u2560esewanne-1024x576.webp 1024w, https:\/\/asta-foodtec.de\/wp-content\/uploads\/2024\/11\/04-asta-foodtec-weichka\u2560esewanne-300x169.webp 300w, https:\/\/asta-foodtec.de\/wp-content\/uploads\/2024\/11\/04-asta-foodtec-weichka\u2560esewanne-768x432.webp 768w, https:\/\/asta-foodtec.de\/wp-content\/uploads\/2024\/11\/04-asta-foodtec-weichka\u2560esewanne-1536x864.webp 1536w, https:\/\/asta-foodtec.de\/wp-content\/uploads\/2024\/11\/04-asta-foodtec-weichka\u2560esewanne-2048x1152.webp 2048w\" sizes=\"auto, (max-width: 1024px) 100vw, 1024px\" \/><\/figure>\n<\/div>\n\n\n\n<div class=\"wp-block-column is-vertically-aligned-center is-layout-flow wp-block-column-is-layout-flow\" style=\"flex-basis:40%\">\n<h3 class=\"wp-block-heading is-style-asterisk\">06  Vasca per formaggi molli<\/h3>\n\n\n\n<p>Nous fournissons des cuves \u00e0 fromage de section semi-circulaire avec ou sans dispositif de basculement, \u00e9galement disponibles en version mobile et, sur demande, \u00e9quip\u00e9es d'un agitateur.<\/p>\n<\/div>\n<\/div>\n\n\n\n<div style=\"height:var(--wp--preset--spacing--40)\" aria-hidden=\"true\" class=\"wp-block-spacer\"><\/div>\n\n\n\n<div class=\"wp-block-columns alignwide is-layout-flex wp-container-core-columns-is-layout-d1c656ed wp-block-columns-is-layout-flex\">\n<div class=\"wp-block-column is-vertically-aligned-center is-layout-flow wp-block-column-is-layout-flow\" style=\"flex-basis:40%\">\n<h3 class=\"wp-block-heading is-style-asterisk\">07 Bac de pr\u00e9-pressage<\/h3>\n\n\n\n<p>Nous fournissons des bacs de pr\u00e9-pressage adapt\u00e9s, avec fonds de transport et de drainage pour un fonctionnement semi-automatique, ainsi que des bacs de pr\u00e9-pressage simples et \u00e9conomiques pour une utilisation manuelle.<\/p>\n<\/div>\n\n\n\n<div class=\"wp-block-column is-layout-flow wp-block-column-is-layout-flow\" style=\"flex-basis:50%\">\n<figure class=\"wp-block-image size-large is-style-rounded is-style-rounded--9\"><img loading=\"lazy\" decoding=\"async\" width=\"1024\" height=\"576\" src=\"https:\/\/asta-foodtec.de\/wp-content\/uploads\/2024\/11\/09-asta-foodtec-vorpresswanne-1024x576.webp\" alt=\"09 ASTAfoodtec Vorpresswanne\" class=\"wp-image-184\" srcset=\"https:\/\/asta-foodtec.de\/wp-content\/uploads\/2024\/11\/09-asta-foodtec-vorpresswanne-1024x576.webp 1024w, https:\/\/asta-foodtec.de\/wp-content\/uploads\/2024\/11\/09-asta-foodtec-vorpresswanne-300x169.webp 300w, https:\/\/asta-foodtec.de\/wp-content\/uploads\/2024\/11\/09-asta-foodtec-vorpresswanne-768x432.webp 768w, https:\/\/asta-foodtec.de\/wp-content\/uploads\/2024\/11\/09-asta-foodtec-vorpresswanne-1536x864.webp 1536w, https:\/\/asta-foodtec.de\/wp-content\/uploads\/2024\/11\/09-asta-foodtec-vorpresswanne-2048x1152.webp 2048w\" sizes=\"auto, (max-width: 1024px) 100vw, 1024px\" \/><\/figure>\n<\/div>\n<\/div>\n\n\n\n<div style=\"height:var(--wp--preset--spacing--40)\" aria-hidden=\"true\" class=\"wp-block-spacer\"><\/div>\n\n\n\n<div class=\"wp-block-columns alignwide is-layout-flex wp-container-core-columns-is-layout-d1c656ed wp-block-columns-is-layout-flex\">\n<div class=\"wp-block-column is-layout-flow wp-block-column-is-layout-flow\" style=\"flex-basis:50%\">\n<figure class=\"wp-block-image size-large is-style-rounded is-style-rounded--10\"><img loading=\"lazy\" decoding=\"async\" width=\"1024\" height=\"576\" src=\"https:\/\/asta-foodtec.de\/wp-content\/uploads\/2024\/11\/05-asta-foodtec-joghurtbereiter-1024x576.webp\" alt=\"05 ASTAfoodtec Joghurtbereiter\" class=\"wp-image-180\" srcset=\"https:\/\/asta-foodtec.de\/wp-content\/uploads\/2024\/11\/05-asta-foodtec-joghurtbereiter-1024x576.webp 1024w, https:\/\/asta-foodtec.de\/wp-content\/uploads\/2024\/11\/05-asta-foodtec-joghurtbereiter-300x169.webp 300w, https:\/\/asta-foodtec.de\/wp-content\/uploads\/2024\/11\/05-asta-foodtec-joghurtbereiter-768x432.webp 768w, https:\/\/asta-foodtec.de\/wp-content\/uploads\/2024\/11\/05-asta-foodtec-joghurtbereiter-1536x864.webp 1536w, https:\/\/asta-foodtec.de\/wp-content\/uploads\/2024\/11\/05-asta-foodtec-joghurtbereiter-2048x1152.webp 2048w\" sizes=\"auto, (max-width: 1024px) 100vw, 1024px\" \/><\/figure>\n<\/div>\n\n\n\n<div class=\"wp-block-column is-vertically-aligned-center is-layout-flow wp-block-column-is-layout-flow\" style=\"flex-basis:40%\">\n<h3 class=\"wp-block-heading is-style-asterisk\">08 Fermenteur \u00e0 yaourt<\/h3>\n\n\n\n<p>Le fermenteur \u00e0 yaourt est id\u00e9al pour des volumes de production plus importants.<\/p>\n<\/div>\n<\/div>\n\n\n\n<div style=\"height:var(--wp--preset--spacing--40)\" aria-hidden=\"true\" class=\"wp-block-spacer\"><\/div>\n\n\n\n<div class=\"wp-block-columns alignwide is-layout-flex wp-container-core-columns-is-layout-d1c656ed wp-block-columns-is-layout-flex\">\n<div class=\"wp-block-column is-vertically-aligned-center is-layout-flow wp-block-column-is-layout-flow\" style=\"flex-basis:40%\">\n<h3 class=\"wp-block-heading is-style-asterisk\">09 Installation de fabrication de fromage blanc<\/h3>\n\n\n\n<p>Pour la production traditionnelle de fromage blanc, nous proposons des \u00e9quipements pratiques disponibles en diff\u00e9rentes versions et avec diverses capacit\u00e9s de production.<\/p>\n<\/div>\n\n\n\n<div class=\"wp-block-column is-layout-flow wp-block-column-is-layout-flow\" style=\"flex-basis:50%\">\n<figure class=\"wp-block-image size-large is-style-rounded is-style-rounded--11\"><img loading=\"lazy\" decoding=\"async\" width=\"1024\" height=\"576\" src=\"https:\/\/asta-foodtec.de\/wp-content\/uploads\/2024\/11\/06-asta-foodtec-quarkfertiger-1024x576.webp\" alt=\"06 ASTAfoodtec Quarkfertiger\" class=\"wp-image-181\" srcset=\"https:\/\/asta-foodtec.de\/wp-content\/uploads\/2024\/11\/06-asta-foodtec-quarkfertiger-1024x576.webp 1024w, https:\/\/asta-foodtec.de\/wp-content\/uploads\/2024\/11\/06-asta-foodtec-quarkfertiger-300x169.webp 300w, https:\/\/asta-foodtec.de\/wp-content\/uploads\/2024\/11\/06-asta-foodtec-quarkfertiger-768x432.webp 768w, https:\/\/asta-foodtec.de\/wp-content\/uploads\/2024\/11\/06-asta-foodtec-quarkfertiger-1536x864.webp 1536w, https:\/\/asta-foodtec.de\/wp-content\/uploads\/2024\/11\/06-asta-foodtec-quarkfertiger-2048x1152.webp 2048w\" sizes=\"auto, (max-width: 1024px) 100vw, 1024px\" \/><\/figure>\n<\/div>\n<\/div>\n\n\n\n<div style=\"height:var(--wp--preset--spacing--40)\" aria-hidden=\"true\" class=\"wp-block-spacer\"><\/div>\n\n\n\n<div class=\"wp-block-columns alignwide is-layout-flex wp-container-core-columns-is-layout-d1c656ed wp-block-columns-is-layout-flex\">\n<div class=\"wp-block-column is-layout-flow wp-block-column-is-layout-flow\" style=\"flex-basis:50%\">\n<figure class=\"wp-block-image size-large is-style-rounded is-style-rounded--12\"><img loading=\"lazy\" decoding=\"async\" width=\"1024\" height=\"576\" src=\"https:\/\/asta-foodtec.de\/wp-content\/uploads\/2024\/11\/08-asta-foodtec-aud-1024x576.webp\" alt=\"08 ASTAfoodtec Abf\u00fcll- und Dosierpumpe\" class=\"wp-image-183\" srcset=\"https:\/\/asta-foodtec.de\/wp-content\/uploads\/2024\/11\/08-asta-foodtec-aud-1024x576.webp 1024w, https:\/\/asta-foodtec.de\/wp-content\/uploads\/2024\/11\/08-asta-foodtec-aud-300x169.webp 300w, https:\/\/asta-foodtec.de\/wp-content\/uploads\/2024\/11\/08-asta-foodtec-aud-768x432.webp 768w, https:\/\/asta-foodtec.de\/wp-content\/uploads\/2024\/11\/08-asta-foodtec-aud-1536x864.webp 1536w, https:\/\/asta-foodtec.de\/wp-content\/uploads\/2024\/11\/08-asta-foodtec-aud-2048x1152.webp 2048w\" sizes=\"auto, (max-width: 1024px) 100vw, 1024px\" \/><\/figure>\n<\/div>\n\n\n\n<div class=\"wp-block-column is-vertically-aligned-center is-layout-flow wp-block-column-is-layout-flow\" style=\"flex-basis:40%\">\n<h3 class=\"wp-block-heading is-style-asterisk\">10 Pompe de remplissage et de dosage<\/h3>\n\n\n\n<p>La pompe de remplissage et de dosage assure un remplissage volum\u00e9trique pr\u00e9cis de yaourt ou de quark.<\/p>\n<\/div>\n<\/div>\n\n\n\n<div style=\"height:var(--wp--preset--spacing--40)\" aria-hidden=\"true\" class=\"wp-block-spacer\"><\/div>\n\n\n\n<div class=\"wp-block-columns alignwide is-layout-flex wp-container-core-columns-is-layout-d1c656ed wp-block-columns-is-layout-flex\">\n<div class=\"wp-block-column is-vertically-aligned-center is-layout-flow wp-block-column-is-layout-flow\" style=\"flex-basis:40%\">\n<h3 class=\"wp-block-heading is-style-asterisk\">11 Cuve de m\u00e9lange<\/h3>\n\n\n\n<p>Le produit est m\u00e9lang\u00e9 en douceur dans la cuve de m\u00e9lange, par exemple d\u2019une capacit\u00e9 de 400 litres, sans effets de cisaillement. Notre gamme de cuves de m\u00e9lange et de process offre de nombreuses possibilit\u00e9s.<\/p>\n<\/div>\n\n\n\n<div class=\"wp-block-column is-layout-flow wp-block-column-is-layout-flow\" style=\"flex-basis:50%\">\n<figure class=\"wp-block-image size-large is-style-rounded is-style-rounded--13\"><img loading=\"lazy\" decoding=\"async\" width=\"1024\" height=\"576\" src=\"https:\/\/asta-foodtec.de\/wp-content\/uploads\/2024\/11\/07-asta-foodtec-mischbehaelter-1024x576.webp\" alt=\"07 ASTAfoodtec Mischbeh\u00e4lter\" class=\"wp-image-182\" srcset=\"https:\/\/asta-foodtec.de\/wp-content\/uploads\/2024\/11\/07-asta-foodtec-mischbehaelter-1024x576.webp 1024w, https:\/\/asta-foodtec.de\/wp-content\/uploads\/2024\/11\/07-asta-foodtec-mischbehaelter-300x169.webp 300w, https:\/\/asta-foodtec.de\/wp-content\/uploads\/2024\/11\/07-asta-foodtec-mischbehaelter-768x432.webp 768w, https:\/\/asta-foodtec.de\/wp-content\/uploads\/2024\/11\/07-asta-foodtec-mischbehaelter-1536x864.webp 1536w, https:\/\/asta-foodtec.de\/wp-content\/uploads\/2024\/11\/07-asta-foodtec-mischbehaelter-2048x1152.webp 2048w\" sizes=\"auto, (max-width: 1024px) 100vw, 1024px\" \/><\/figure>\n<\/div>\n<\/div>\n\n\n\n<div style=\"height:var(--wp--preset--spacing--40)\" aria-hidden=\"true\" class=\"wp-block-spacer\"><\/div>\n<\/div>\n\n\n\n<p><\/p>","protected":false},"excerpt":{"rendered":"<p>Ein Partner, ein System Mit unserem umfangreichen Produktspektrum f\u00fcr die Hofmolkerei decken wir alle Prozessschritte ab, von der Milchannahme \u00fcber die Milcherhitzung bis hin zur Weiterverarbeitung. Entdecken Sie die hochwertigen ASTAfoodtec Maschinen f\u00fcr die Hofmolkerei anhand unserer Beispielanlage. 01 Rohmilchtank Der Rohmilchtank fasst 2.500 Liter. Die Milchsammeltanks k\u00f6nnen wir mit eichf\u00e4higen Messanlagen und Milchwaagen oder [&hellip;]<\/p>\n","protected":false},"author":1,"featured_media":0,"parent":0,"menu_order":0,"comment_status":"closed","ping_status":"closed","template":"","meta":{"footnotes":""},"class_list":["post-122","page","type-page","status-publish","hentry"],"_links":{"self":[{"href":"https:\/\/asta-foodtec.de\/fr\/wp-json\/wp\/v2\/pages\/122","targetHints":{"allow":["GET"]}}],"collection":[{"href":"https:\/\/asta-foodtec.de\/fr\/wp-json\/wp\/v2\/pages"}],"about":[{"href":"https:\/\/asta-foodtec.de\/fr\/wp-json\/wp\/v2\/types\/page"}],"author":[{"embeddable":true,"href":"https:\/\/asta-foodtec.de\/fr\/wp-json\/wp\/v2\/users\/1"}],"replies":[{"embeddable":true,"href":"https:\/\/asta-foodtec.de\/fr\/wp-json\/wp\/v2\/comments?post=122"}],"version-history":[{"count":9,"href":"https:\/\/asta-foodtec.de\/fr\/wp-json\/wp\/v2\/pages\/122\/revisions"}],"predecessor-version":[{"id":249,"href":"https:\/\/asta-foodtec.de\/fr\/wp-json\/wp\/v2\/pages\/122\/revisions\/249"}],"wp:attachment":[{"href":"https:\/\/asta-foodtec.de\/fr\/wp-json\/wp\/v2\/media?parent=122"}],"curies":[{"name":"wp","href":"https:\/\/api.w.org\/{rel}","templated":true}]}}