{"id":125,"date":"2024-11-20T08:40:10","date_gmt":"2024-11-20T08:40:10","guid":{"rendered":"https:\/\/asta-foodtec.de\/?page_id=125"},"modified":"2024-11-20T15:14:01","modified_gmt":"2024-11-20T15:14:01","slug":"individuelle-konzepte","status":"publish","type":"page","link":"https:\/\/asta-foodtec.de\/fr\/individuelle-konzepte\/","title":{"rendered":"Concepts sur mesure"},"content":{"rendered":"<div class=\"wp-block-group alignfull has-base-2-background-color has-background has-global-padding is-layout-constrained wp-container-core-group-is-layout-669513ed wp-block-group-is-layout-constrained\" style=\"margin-top:0;margin-bottom:0;padding-top:var(--wp--preset--spacing--50);padding-right:var(--wp--preset--spacing--50);padding-bottom:var(--wp--preset--spacing--50);padding-left:var(--wp--preset--spacing--50)\">\n<div class=\"wp-block-group is-vertical is-content-justification-center is-layout-flex wp-container-core-group-is-layout-52b864f0 wp-block-group-is-layout-flex\">\n<h2 class=\"wp-block-heading has-text-align-center is-style-asterisk\">Du <strong>conseil<\/strong> \u00e0 la <strong>maintenance<\/strong><\/h2>\n\n\n\n<div style=\"height:0px\" aria-hidden=\"true\" class=\"wp-block-spacer wp-container-content-4f2ccadb\"><\/div>\n\n\n\n<p class=\"has-text-align-center\">Nous vous accompagnons de la premi\u00e8re id\u00e9e jusqu\u2019\u00e0 la maintenance de votre installation. B\u00e9n\u00e9ficiez de notre expertise, optimisez votre production <br>et lancez d\u00e8s aujourd\u2019hui votre projet avec nous !<\/p>\n<\/div>\n\n\n\n<figure class=\"wp-block-image size-large is-style-rounded is-style-rounded--1\"><img loading=\"lazy\" decoding=\"async\" width=\"1024\" height=\"683\" src=\"https:\/\/asta-foodtec.de\/wp-content\/uploads\/2024\/11\/ASTAfoodtec_Hofmolkerei_Arbeiterinnen_web-1024x683.jpg\" alt=\"ASTAfoodtec Hofmolkerei Fachpersonal\" class=\"wp-image-17\" srcset=\"https:\/\/asta-foodtec.de\/wp-content\/uploads\/2024\/11\/ASTAfoodtec_Hofmolkerei_Arbeiterinnen_web-1024x683.jpg 1024w, https:\/\/asta-foodtec.de\/wp-content\/uploads\/2024\/11\/ASTAfoodtec_Hofmolkerei_Arbeiterinnen_web-300x200.jpg 300w, https:\/\/asta-foodtec.de\/wp-content\/uploads\/2024\/11\/ASTAfoodtec_Hofmolkerei_Arbeiterinnen_web-768x512.jpg 768w, https:\/\/asta-foodtec.de\/wp-content\/uploads\/2024\/11\/ASTAfoodtec_Hofmolkerei_Arbeiterinnen_web-1536x1024.jpg 1536w, https:\/\/asta-foodtec.de\/wp-content\/uploads\/2024\/11\/ASTAfoodtec_Hofmolkerei_Arbeiterinnen_web-2048x1365.jpg 2048w\" sizes=\"auto, (max-width: 1024px) 100vw, 1024px\" \/><\/figure>\n\n\n\n<div style=\"margin-top:0;margin-bottom:0;height:var(--wp--preset--spacing--40)\" aria-hidden=\"true\" class=\"wp-block-spacer\"><\/div>\n\n\n\n<div class=\"wp-block-columns alignwide is-layout-flex wp-container-core-columns-is-layout-d0bbbce0 wp-block-columns-is-layout-flex\">\n<div class=\"wp-block-column is-layout-flow wp-container-core-column-is-layout-e3d1c41b wp-block-column-is-layout-flow\">\n<h3 class=\"wp-block-heading has-text-align-left is-style-asterisk has-body-font-family has-medium-font-size\" style=\"font-style:normal;font-weight:600\">01 Conseil g\u00e9n\u00e9ral<\/h3>\n\n\n\n<p class=\"has-text-align-left\">Dans un premier temps, nous analysons pr\u00e9cis\u00e9ment vos exigences sp\u00e9cifiques afin de d\u00e9finir le projet avec davantage de pr\u00e9cision. Nous \u00e9laborons ensuite une offre personnalis\u00e9e adapt\u00e9e \u00e0 vos besoins.<\/p>\n\n\n\n<p class=\"has-text-align-left\"><\/p>\n<\/div>\n\n\n\n<div class=\"wp-block-column is-layout-flow wp-container-core-column-is-layout-e3d1c41b wp-block-column-is-layout-flow\">\n<h3 class=\"wp-block-heading has-text-align-left is-style-asterisk has-body-font-family has-medium-font-size\" style=\"font-style:normal;font-weight:600\">03 Planification et ing\u00e9nierie de projet<\/h3>\n\n\n\n<p class=\"has-text-align-left\">Une fois l\u2019objectif pr\u00e9cis du projet d\u00e9fini, la phase de planification commence. Afin d\u2019assurer un d\u00e9roulement du projet fluide et conforme aux d\u00e9lais, nous d\u00e9finissons en d\u00e9tail chacune des \u00e9tapes du projet.<\/p>\n<\/div>\n\n\n\n<div class=\"wp-block-column is-layout-flow wp-container-core-column-is-layout-e3d1c41b wp-block-column-is-layout-flow\">\n<h3 class=\"wp-block-heading has-text-align-left is-style-asterisk has-body-font-family has-medium-font-size\" style=\"font-style:normal;font-weight:600\">05 Maintenance<\/h3>\n\n\n\n<p class=\"has-text-align-left\">M\u00eame apr\u00e8s l\u2019installation de votre nouvelle installation, nous restons \u00e0 vos c\u00f4t\u00e9s. Notre \u00e9quipe assure une maintenance r\u00e9guli\u00e8re afin de garantir un fonctionnement fluide et fiable de votre installation.<\/p>\n\n\n\n<p class=\"has-text-align-left\"><\/p>\n<\/div>\n<\/div>\n\n\n\n<div style=\"height:var(--wp--preset--spacing--20)\" aria-hidden=\"true\" class=\"wp-block-spacer\"><\/div>\n\n\n\n<div class=\"wp-block-columns alignwide is-layout-flex wp-container-core-columns-is-layout-d0bbbce0 wp-block-columns-is-layout-flex\">\n<div class=\"wp-block-column is-layout-flow wp-container-core-column-is-layout-e3d1c41b wp-block-column-is-layout-flow\">\n<h3 class=\"wp-block-heading has-text-align-left is-style-asterisk has-body-font-family has-medium-font-size\" style=\"font-style:normal;font-weight:600\">02 Conseil technologique<\/h3>\n\n\n\n<p class=\"has-text-align-left\">Dans le cadre d\u2019un conseil approfondi, nous identifions les solutions optimales pour votre production, de l\u2019agencement des espaces et de l\u2019automatisation jusqu\u2019\u00e0 l\u2019efficacit\u00e9 \u00e9nerg\u00e9tique. Nous analysons et optimisons vos processus dans le d\u00e9tail, ce qui permet, gr\u00e2ce \u00e0 nos installations \u00e0 haute efficacit\u00e9 et \u00e0 un concept \u00e9nerg\u00e9tique adapt\u00e9, de r\u00e9aliser jusqu\u2019\u00e0 96 % d\u2019\u00e9conomies d\u2019\u00e9nergie.<\/p>\n<\/div>\n\n\n\n<div class=\"wp-block-column is-layout-flow wp-container-core-column-is-layout-e3d1c41b wp-block-column-is-layout-flow\">\n<h3 class=\"wp-block-heading has-text-align-left is-style-asterisk has-body-font-family has-medium-font-size\" style=\"font-style:normal;font-weight:600\">04 Phase de mise en \u0153uvre<\/h3>\n\n\n\n<p class=\"has-text-align-left\">La r\u00e9alisation concr\u00e8te du projet d\u00e9bute : nos collaborateurs exp\u00e9riment\u00e9s assurent une mise en \u0153uvre fiable et conforme aux d\u00e9lais. Cela comprend la livraison, l\u2019installation (si n\u00e9cessaire), une formation approfondie, la mise en service ainsi que l\u2019homologation de l\u2019installation.<\/p>\n<\/div>\n\n\n\n<div class=\"wp-block-column is-layout-flow wp-container-core-column-is-layout-e3d1c41b wp-block-column-is-layout-flow\">\n<h3 class=\"wp-block-heading has-text-align-left is-style-asterisk has-body-font-family has-medium-font-size\" style=\"font-style:normal;font-weight:600\">06 Service<\/h3>\n\n\n\n<p class=\"has-text-align-left\">Nous proposons \u00e0 tout moment une assistance technique, par t\u00e9l\u00e9phone ou sur site, et, sur demande, un accompagnement intensif de la production lors de la phase de d\u00e9marrage.<\/p>\n<\/div>\n<\/div>\n<\/div>","protected":false},"excerpt":{"rendered":"<p>Von der Beratung bis zur Wartung Wir begleiten Sie von der ersten Idee bis zur Wartung Ihrer Anlage. Profitieren Sie von unserer Expertise, optimieren Sie Ihre Produktion und starten Sie jetzt Ihr Projekt mit uns! 01 Allgemeine Beratung Zuerst analysieren wir Ihre Anforderungen pr\u00e4zise, um Ihr Projekt optimal zu planen. Anschlie\u00dfend erhalten Sie ein ma\u00dfgeschneidertes [&hellip;]<\/p>\n","protected":false},"author":1,"featured_media":0,"parent":0,"menu_order":0,"comment_status":"closed","ping_status":"closed","template":"","meta":{"footnotes":""},"class_list":["post-125","page","type-page","status-publish","hentry"],"_links":{"self":[{"href":"https:\/\/asta-foodtec.de\/fr\/wp-json\/wp\/v2\/pages\/125","targetHints":{"allow":["GET"]}}],"collection":[{"href":"https:\/\/asta-foodtec.de\/fr\/wp-json\/wp\/v2\/pages"}],"about":[{"href":"https:\/\/asta-foodtec.de\/fr\/wp-json\/wp\/v2\/types\/page"}],"author":[{"embeddable":true,"href":"https:\/\/asta-foodtec.de\/fr\/wp-json\/wp\/v2\/users\/1"}],"replies":[{"embeddable":true,"href":"https:\/\/asta-foodtec.de\/fr\/wp-json\/wp\/v2\/comments?post=125"}],"version-history":[{"count":3,"href":"https:\/\/asta-foodtec.de\/fr\/wp-json\/wp\/v2\/pages\/125\/revisions"}],"predecessor-version":[{"id":175,"href":"https:\/\/asta-foodtec.de\/fr\/wp-json\/wp\/v2\/pages\/125\/revisions\/175"}],"wp:attachment":[{"href":"https:\/\/asta-foodtec.de\/fr\/wp-json\/wp\/v2\/media?parent=125"}],"curies":[{"name":"wp","href":"https:\/\/api.w.org\/{rel}","templated":true}]}}