{"id":128,"date":"2024-11-20T08:40:57","date_gmt":"2024-11-20T08:40:57","guid":{"rendered":"https:\/\/asta-foodtec.de\/?page_id=128"},"modified":"2024-11-20T15:13:07","modified_gmt":"2024-11-20T15:13:07","slug":"hohe-expertise","status":"publish","type":"page","link":"https:\/\/asta-foodtec.de\/fr\/hohe-expertise\/","title":{"rendered":"Haute expertise"},"content":{"rendered":"<div class=\"wp-block-group alignfull has-base-2-background-color has-background has-global-padding is-layout-constrained wp-container-core-group-is-layout-669513ed wp-block-group-is-layout-constrained\" style=\"margin-top:0;margin-bottom:0;padding-top:var(--wp--preset--spacing--50);padding-right:var(--wp--preset--spacing--50);padding-bottom:var(--wp--preset--spacing--50);padding-left:var(--wp--preset--spacing--50)\">\n<div class=\"wp-block-group is-nowrap is-layout-flex wp-container-core-group-is-layout-6c531013 wp-block-group-is-layout-flex\">\n<div class=\"wp-block-group is-vertical is-content-justification-center is-layout-flex wp-container-core-group-is-layout-52b864f0 wp-block-group-is-layout-flex\">\n<h2 class=\"wp-block-heading has-text-align-center is-style-asterisk\">Nous sommes <strong>\u00e0 vos c\u00f4t\u00e9s.<\/strong><\/h2>\n\n\n\n<div style=\"height:0px\" aria-hidden=\"true\" class=\"wp-block-spacer wp-container-content-4f2ccadb\"><\/div>\n\n\n\n<p class=\"has-text-align-center\">Qu\u2019il s\u2019agisse de conseil personnalis\u00e9, de formations ou d\u2019assistance technique, notre offre compl\u00e8te de services vous accompagne dans la planification et la r\u00e9alisation de votre installation.<\/p>\n<\/div>\n<\/div>\n\n\n\n<figure class=\"wp-block-image size-large is-style-rounded is-style-rounded--1\"><img loading=\"lazy\" decoding=\"async\" width=\"1024\" height=\"683\" src=\"https:\/\/asta-foodtec.de\/wp-content\/uploads\/2024\/11\/ASTAfoodtec_Hofmolkerei_web-1024x683.jpg\" alt=\"ASTAfoodtec Hofmolkerei\" class=\"wp-image-18\" srcset=\"https:\/\/asta-foodtec.de\/wp-content\/uploads\/2024\/11\/ASTAfoodtec_Hofmolkerei_web-1024x683.jpg 1024w, https:\/\/asta-foodtec.de\/wp-content\/uploads\/2024\/11\/ASTAfoodtec_Hofmolkerei_web-300x200.jpg 300w, https:\/\/asta-foodtec.de\/wp-content\/uploads\/2024\/11\/ASTAfoodtec_Hofmolkerei_web-768x512.jpg 768w, https:\/\/asta-foodtec.de\/wp-content\/uploads\/2024\/11\/ASTAfoodtec_Hofmolkerei_web-1536x1024.jpg 1536w, https:\/\/asta-foodtec.de\/wp-content\/uploads\/2024\/11\/ASTAfoodtec_Hofmolkerei_web-2048x1365.jpg 2048w\" sizes=\"auto, (max-width: 1024px) 100vw, 1024px\" \/><\/figure>\n\n\n\n<div style=\"margin-top:0;margin-bottom:0;height:var(--wp--preset--spacing--40)\" aria-hidden=\"true\" class=\"wp-block-spacer\"><\/div>\n\n\n\n<div class=\"wp-block-columns alignwide is-layout-flex wp-container-core-columns-is-layout-d0bbbce0 wp-block-columns-is-layout-flex\">\n<div class=\"wp-block-column is-layout-flow wp-container-core-column-is-layout-e3d1c41b wp-block-column-is-layout-flow\">\n<div class=\"wp-block-group is-nowrap is-layout-flex wp-container-core-group-is-layout-6c531013 wp-block-group-is-layout-flex\">\n<figure class=\"wp-block-image size-full is-resized\"><img loading=\"lazy\" decoding=\"async\" width=\"73\" height=\"66\" src=\"https:\/\/asta-foodtec.de\/wp-content\/uploads\/2024\/11\/image-2.png\" alt=\"\" class=\"wp-image-90\" style=\"width:56px;height:auto\"\/><\/figure>\n\n\n\n<p><strong>Concept \u00e9nerg\u00e9tique &amp; d\u2019am\u00e9nagement<\/strong><\/p>\n<\/div>\n\n\n\n<p>Nous d\u00e9veloppons un concept \u00e9nerg\u00e9tique et d\u2019am\u00e9nagement complet et personnalis\u00e9, adapt\u00e9 \u00e0 votre production.<\/p>\n<\/div>\n\n\n\n<div class=\"wp-block-column is-layout-flow wp-container-core-column-is-layout-e3d1c41b wp-block-column-is-layout-flow\">\n<div class=\"wp-block-group is-nowrap is-layout-flex wp-container-core-group-is-layout-6c531013 wp-block-group-is-layout-flex\">\n<figure class=\"wp-block-image size-full is-resized\"><img loading=\"lazy\" decoding=\"async\" width=\"59\" height=\"69\" src=\"https:\/\/asta-foodtec.de\/wp-content\/uploads\/2024\/11\/image-3.png\" alt=\"\" class=\"wp-image-94\" style=\"width:48px;height:auto\"\/><\/figure>\n\n\n\n<p><strong>Gestion de projet<\/strong><\/p>\n<\/div>\n\n\n\n<p>Nous vous accompagnons tout au long de la r\u00e9alisation du projet et assurons le suivi durant la phase de construction de votre installation.<\/p>\n<\/div>\n\n\n\n<div class=\"wp-block-column is-layout-flow wp-container-core-column-is-layout-e3d1c41b wp-block-column-is-layout-flow\">\n<div class=\"wp-block-group is-nowrap is-layout-flex wp-container-core-group-is-layout-6c531013 wp-block-group-is-layout-flex\">\n<figure class=\"wp-block-image size-full is-resized\"><img loading=\"lazy\" decoding=\"async\" width=\"74\" height=\"65\" src=\"https:\/\/asta-foodtec.de\/wp-content\/uploads\/2024\/11\/image-4.png\" alt=\"\" class=\"wp-image-96\" style=\"width:55px;height:auto\"\/><\/figure>\n\n\n\n<p><strong>R\u00e9paration &amp; maintenance<\/strong><\/p>\n<\/div>\n\n\n\n<p>Dans le cadre de la maintenance r\u00e9guli\u00e8re, nous rempla\u00e7ons les pi\u00e8ces d\u2019usure ou effectuons une r\u00e9vision compl\u00e8te de l\u2019installation.<\/p>\n<\/div>\n<\/div>\n\n\n\n<div style=\"height:var(--wp--preset--spacing--20)\" aria-hidden=\"true\" class=\"wp-block-spacer\"><\/div>\n\n\n\n<div class=\"wp-block-columns alignwide is-layout-flex wp-container-core-columns-is-layout-d0bbbce0 wp-block-columns-is-layout-flex\">\n<div class=\"wp-block-column is-layout-flow wp-container-core-column-is-layout-e3d1c41b wp-block-column-is-layout-flow\">\n<div class=\"wp-block-group is-nowrap is-layout-flex wp-container-core-group-is-layout-6c531013 wp-block-group-is-layout-flex\">\n<figure class=\"wp-block-image size-full is-resized\"><img loading=\"lazy\" decoding=\"async\" width=\"93\" height=\"56\" src=\"https:\/\/asta-foodtec.de\/wp-content\/uploads\/2024\/11\/image-5.png\" alt=\"\" class=\"wp-image-98\" style=\"width:69px;height:auto\"\/><\/figure>\n\n\n\n<p><strong>Formations &amp; instruction<\/strong><\/p>\n<\/div>\n\n\n\n<p>Nous formons votre personnel sur site afin de garantir une utilisation correcte de l\u2019installation.<\/p>\n<\/div>\n\n\n\n<div class=\"wp-block-column is-layout-flow wp-container-core-column-is-layout-e3d1c41b wp-block-column-is-layout-flow\">\n<div class=\"wp-block-group is-nowrap is-layout-flex wp-container-core-group-is-layout-6c531013 wp-block-group-is-layout-flex\">\n<figure class=\"wp-block-image size-full is-resized\"><img loading=\"lazy\" decoding=\"async\" width=\"70\" height=\"65\" src=\"https:\/\/asta-foodtec.de\/wp-content\/uploads\/2024\/11\/image-6.png\" alt=\"\" class=\"wp-image-100\" style=\"width:56px;height:auto\"\/><\/figure>\n\n\n\n<p><strong>Support technique<\/strong><\/p>\n<\/div>\n\n\n\n<p>Nous sommes \u00e0 votre disposition \u00e0 tout moment pour toute question technique, par t\u00e9l\u00e9phone, par visioconf\u00e9rence ou directement sur site.<\/p>\n<\/div>\n\n\n\n<div class=\"wp-block-column is-layout-flow wp-container-core-column-is-layout-e3d1c41b wp-block-column-is-layout-flow\">\n<div class=\"wp-block-group is-nowrap is-layout-flex wp-container-core-group-is-layout-6c531013 wp-block-group-is-layout-flex\">\n<figure class=\"wp-block-image size-full is-resized\"><img loading=\"lazy\" decoding=\"async\" width=\"78\" height=\"58\" src=\"https:\/\/asta-foodtec.de\/wp-content\/uploads\/2024\/11\/image-7.png\" alt=\"\" class=\"wp-image-103\" style=\"width:58px;height:auto\"\/><\/figure>\n\n\n\n<p><strong>Solutions de retrofit<\/strong><\/p>\n<\/div>\n\n\n\n<p>D\u2019un point de vue \u00e9conomique, la modernisation constitue souvent une alternative plus avantageuse que l\u2019achat d\u2019une nouvelle machine.<\/p>\n<\/div>\n<\/div>\n<\/div>","protected":false},"excerpt":{"rendered":"<p>Wir stehen an Ihrer Seite Ob individuelle Beratung, Schulungen oder technischer Support \u2013 mit unserem umfangreichen Full-Service-Angebot unterst\u00fctzen wir Sie bei der Planung und Realisierung Ihrer Anlage. Energie- &amp; Raumkonzept Wir entwickeln ein umfangreiches und individuelles Energie- sowie Raumkonzept f\u00fcr Ihre Produktion. Projektmanagement Wir begleiten Sie bei der Umsetzung des gesamten Projektes und \u00fcbernehmen f\u00fcr [&hellip;]<\/p>\n","protected":false},"author":1,"featured_media":0,"parent":0,"menu_order":0,"comment_status":"closed","ping_status":"closed","template":"","meta":{"footnotes":""},"class_list":["post-128","page","type-page","status-publish","hentry"],"_links":{"self":[{"href":"https:\/\/asta-foodtec.de\/fr\/wp-json\/wp\/v2\/pages\/128","targetHints":{"allow":["GET"]}}],"collection":[{"href":"https:\/\/asta-foodtec.de\/fr\/wp-json\/wp\/v2\/pages"}],"about":[{"href":"https:\/\/asta-foodtec.de\/fr\/wp-json\/wp\/v2\/types\/page"}],"author":[{"embeddable":true,"href":"https:\/\/asta-foodtec.de\/fr\/wp-json\/wp\/v2\/users\/1"}],"replies":[{"embeddable":true,"href":"https:\/\/asta-foodtec.de\/fr\/wp-json\/wp\/v2\/comments?post=128"}],"version-history":[{"count":3,"href":"https:\/\/asta-foodtec.de\/fr\/wp-json\/wp\/v2\/pages\/128\/revisions"}],"predecessor-version":[{"id":174,"href":"https:\/\/asta-foodtec.de\/fr\/wp-json\/wp\/v2\/pages\/128\/revisions\/174"}],"wp:attachment":[{"href":"https:\/\/asta-foodtec.de\/fr\/wp-json\/wp\/v2\/media?parent=128"}],"curies":[{"name":"wp","href":"https:\/\/api.w.org\/{rel}","templated":true}]}}