{"id":122,"date":"2024-11-20T08:40:18","date_gmt":"2024-11-20T08:40:18","guid":{"rendered":"https:\/\/asta-foodtec.de\/?page_id=122"},"modified":"2025-10-29T08:45:12","modified_gmt":"2025-10-29T08:45:12","slug":"langlebige-produkte","status":"publish","type":"page","link":"https:\/\/asta-foodtec.de\/it\/langlebige-produkte\/","title":{"rendered":"Prodotti durevoli"},"content":{"rendered":"<div class=\"wp-block-group alignfull has-global-padding is-layout-constrained wp-container-core-group-is-layout-d89aad35 wp-block-group-is-layout-constrained\" style=\"margin-top:0;margin-bottom:0;padding-top:var(--wp--preset--spacing--50);padding-right:var(--wp--preset--spacing--50);padding-bottom:var(--wp--preset--spacing--50);padding-left:var(--wp--preset--spacing--50)\">\n<div class=\"wp-block-group alignwide has-global-padding is-layout-constrained wp-container-core-group-is-layout-19e250f3 wp-block-group-is-layout-constrained\">\n<div class=\"wp-block-group is-vertical is-content-justification-center is-layout-flex wp-container-core-group-is-layout-6329a8f3 wp-block-group-is-layout-flex\">\n<h2 class=\"wp-block-heading has-text-align-center is-style-asterisk\"><strong>Un partner<\/strong>, un sistema.<\/h2>\n\n\n\n<p class=\"has-text-align-center\">Con il nostro ampio portafoglio di prodotti per i caseifici copriamo tutte le fasi del processo, dalla ricezione del latte al trattamento termico fino alla successiva trasformazione. Scoprite le macchine ASTAfoodtec di alta qualit\u00e0 per la lavorazione del latte direttamente nel nostro impianto di esempio.<\/p>\n\n\n\n<p class=\"has-text-align-center\"><\/p>\n<\/div>\n\n\n\n<div style=\"height:var(--wp--preset--spacing--40)\" aria-hidden=\"true\" class=\"wp-block-spacer\"><\/div>\n\n\n\n<figure class=\"wp-block-gallery alignwide has-nested-images columns-default is-cropped wp-block-gallery-2 is-layout-flex wp-block-gallery-is-layout-flex\">\n<figure class=\"wp-block-image size-full is-style-rounded is-style-rounded--1\"><img loading=\"lazy\" decoding=\"async\" width=\"2560\" height=\"1819\" data-id=\"247\" src=\"https:\/\/asta-foodtec.de\/wp-content\/uploads\/2025\/10\/asta_foodtec_bro_de_neu-scaled.jpg\" alt=\"\" class=\"wp-image-247\" srcset=\"https:\/\/asta-foodtec.de\/wp-content\/uploads\/2025\/10\/asta_foodtec_bro_de_neu-scaled.jpg 2560w, https:\/\/asta-foodtec.de\/wp-content\/uploads\/2025\/10\/asta_foodtec_bro_de_neu-300x213.jpg 300w, https:\/\/asta-foodtec.de\/wp-content\/uploads\/2025\/10\/asta_foodtec_bro_de_neu-1024x728.jpg 1024w, https:\/\/asta-foodtec.de\/wp-content\/uploads\/2025\/10\/asta_foodtec_bro_de_neu-768x546.jpg 768w, https:\/\/asta-foodtec.de\/wp-content\/uploads\/2025\/10\/asta_foodtec_bro_de_neu-1536x1091.jpg 1536w, https:\/\/asta-foodtec.de\/wp-content\/uploads\/2025\/10\/asta_foodtec_bro_de_neu-2048x1455.jpg 2048w, https:\/\/asta-foodtec.de\/wp-content\/uploads\/2025\/10\/asta_foodtec_bro_de_neu-18x12.jpg 18w\" sizes=\"auto, (max-width: 2560px) 100vw, 2560px\" \/><\/figure>\n<\/figure>\n\n\n\n<div style=\"height:var(--wp--preset--spacing--40)\" aria-hidden=\"true\" class=\"wp-block-spacer\"><\/div>\n\n\n\n<div class=\"wp-block-columns alignwide is-layout-flex wp-container-core-columns-is-layout-d1c656ed wp-block-columns-is-layout-flex\">\n<div class=\"wp-block-column is-vertically-aligned-center is-layout-flow wp-block-column-is-layout-flow\" style=\"flex-basis:40%\">\n<h3 class=\"wp-block-heading is-style-asterisk\">01 Serbatoio per latte crudo<\/h3>\n\n\n\n<p>Il serbatoio per latte crudo ha una capacit\u00e0 di 2.500 litri. I serbatoi di raccolta del latte possono essere equipaggiati con sistemi di misurazione omologabili e bilance per latte, oppure con ulteriori opzioni di pesatura.<\/p>\n<\/div>\n\n\n\n<div class=\"wp-block-column is-layout-flow wp-block-column-is-layout-flow\" style=\"flex-basis:50%\">\n<figure class=\"wp-block-image size-full is-style-rounded is-style-rounded--3\"><img decoding=\"async\" src=\"https:\/\/asta-foodtec.de\/wp-content\/uploads\/2024\/11\/01-asta-foodtec-rohmilchtank.webp\" alt=\"01 ASTAfoodtec Rohmilchtank\" class=\"wp-image-176\"\/><\/figure>\n<\/div>\n<\/div>\n\n\n\n<div style=\"height:var(--wp--preset--spacing--40)\" aria-hidden=\"true\" class=\"wp-block-spacer\"><\/div>\n\n\n\n<div class=\"wp-block-columns alignwide is-layout-flex wp-container-core-columns-is-layout-d1c656ed wp-block-columns-is-layout-flex\">\n<div class=\"wp-block-column is-layout-flow wp-block-column-is-layout-flow\" style=\"flex-basis:50%\">\n<figure class=\"wp-block-image size-large is-style-rounded is-style-rounded--4\"><img loading=\"lazy\" decoding=\"async\" width=\"1024\" height=\"576\" src=\"https:\/\/asta-foodtec.de\/wp-content\/uploads\/2024\/11\/02-asta-foodtec-pasteur-1024x576.webp\" alt=\"02 ASTAfoodtec Pasteur\" class=\"wp-image-177\" srcset=\"https:\/\/asta-foodtec.de\/wp-content\/uploads\/2024\/11\/02-asta-foodtec-pasteur-1024x576.webp 1024w, https:\/\/asta-foodtec.de\/wp-content\/uploads\/2024\/11\/02-asta-foodtec-pasteur-300x169.webp 300w, https:\/\/asta-foodtec.de\/wp-content\/uploads\/2024\/11\/02-asta-foodtec-pasteur-768x432.webp 768w, https:\/\/asta-foodtec.de\/wp-content\/uploads\/2024\/11\/02-asta-foodtec-pasteur-1536x864.webp 1536w, https:\/\/asta-foodtec.de\/wp-content\/uploads\/2024\/11\/02-asta-foodtec-pasteur-2048x1152.webp 2048w\" sizes=\"auto, (max-width: 1024px) 100vw, 1024px\" \/><\/figure>\n<\/div>\n\n\n\n<div class=\"wp-block-column is-vertically-aligned-center is-layout-flow wp-block-column-is-layout-flow\" style=\"flex-basis:40%\">\n<h3 class=\"wp-block-heading is-style-asterisk\">02 Pastorizzatore<\/h3>\n\n\n\n<p>Pastorizzatore a flusso continuo per l\u2019efficiente trattamento termico del latte. Offriamo inoltre pastorizzatori a batch o riscaldatori a breve tempo ad alta temperatura (HTST).<\/p>\n<\/div>\n<\/div>\n<\/div>\n\n\n\n<div style=\"height:var(--wp--preset--spacing--40)\" aria-hidden=\"true\" class=\"wp-block-spacer\"><\/div>\n\n\n\n<div class=\"wp-block-columns alignwide is-layout-flex wp-container-core-columns-is-layout-d1c656ed wp-block-columns-is-layout-flex\">\n<div class=\"wp-block-column is-vertically-aligned-center is-layout-flow wp-block-column-is-layout-flow\" style=\"flex-basis:40%\">\n<h3 class=\"wp-block-heading is-style-asterisk\">03 Zangola<\/h3>\n\n\n\n<p>Nella zangola, dotata di organi battenti e di impasto posizionati sul fondo, la panna pu\u00f2 essere trasformata in burro in modo semplice ed efficiente. La zangola \u00e8 inoltre adatta al riscaldamento e alla maturazione della panna.<\/p>\n<\/div>\n\n\n\n<div class=\"wp-block-column is-layout-flow wp-block-column-is-layout-flow\" style=\"flex-basis:50%\">\n<figure class=\"wp-block-image size-large is-style-rounded is-style-rounded--5\"><img loading=\"lazy\" decoding=\"async\" width=\"1024\" height=\"576\" src=\"https:\/\/asta-foodtec.de\/wp-content\/uploads\/2024\/11\/11-asta-foodtec-butterfertiger-1024x576.webp\" alt=\"11 ASTAfoodtec Butterfertiger\" class=\"wp-image-186\" srcset=\"https:\/\/asta-foodtec.de\/wp-content\/uploads\/2024\/11\/11-asta-foodtec-butterfertiger-1024x576.webp 1024w, https:\/\/asta-foodtec.de\/wp-content\/uploads\/2024\/11\/11-asta-foodtec-butterfertiger-300x169.webp 300w, https:\/\/asta-foodtec.de\/wp-content\/uploads\/2024\/11\/11-asta-foodtec-butterfertiger-768x432.webp 768w, https:\/\/asta-foodtec.de\/wp-content\/uploads\/2024\/11\/11-asta-foodtec-butterfertiger-1536x864.webp 1536w, https:\/\/asta-foodtec.de\/wp-content\/uploads\/2024\/11\/11-asta-foodtec-butterfertiger-2048x1152.webp 2048w\" sizes=\"auto, (max-width: 1024px) 100vw, 1024px\" \/><\/figure>\n<\/div>\n<\/div>\n\n\n\n<div style=\"height:var(--wp--preset--spacing--40)\" aria-hidden=\"true\" class=\"wp-block-spacer\"><\/div>\n\n\n\n<div class=\"wp-block-columns alignwide is-layout-flex wp-container-core-columns-is-layout-d1c656ed wp-block-columns-is-layout-flex\">\n<div class=\"wp-block-column is-layout-flow wp-block-column-is-layout-flow\" style=\"flex-basis:50%\">\n<figure class=\"wp-block-image size-large is-style-rounded is-style-rounded--6\"><img loading=\"lazy\" decoding=\"async\" width=\"1024\" height=\"576\" src=\"https:\/\/asta-foodtec.de\/wp-content\/uploads\/2024\/11\/03-asta-foodtec-mehrzweckkessel-1024x576.webp\" alt=\"03 ASTAfoodtec Mehrzweckkessel\" class=\"wp-image-178\" srcset=\"https:\/\/asta-foodtec.de\/wp-content\/uploads\/2024\/11\/03-asta-foodtec-mehrzweckkessel-1024x576.webp 1024w, https:\/\/asta-foodtec.de\/wp-content\/uploads\/2024\/11\/03-asta-foodtec-mehrzweckkessel-300x169.webp 300w, https:\/\/asta-foodtec.de\/wp-content\/uploads\/2024\/11\/03-asta-foodtec-mehrzweckkessel-768x432.webp 768w, https:\/\/asta-foodtec.de\/wp-content\/uploads\/2024\/11\/03-asta-foodtec-mehrzweckkessel-1536x864.webp 1536w, https:\/\/asta-foodtec.de\/wp-content\/uploads\/2024\/11\/03-asta-foodtec-mehrzweckkessel-2048x1152.webp 2048w\" sizes=\"auto, (max-width: 1024px) 100vw, 1024px\" \/><\/figure>\n<\/div>\n\n\n\n<div class=\"wp-block-column is-vertically-aligned-center is-layout-flow wp-block-column-is-layout-flow\" style=\"flex-basis:40%\">\n<h3 class=\"wp-block-heading is-style-asterisk\">04 Polivalente<\/h3>\n\n\n\n<p>Per la produzione di piccoli lotti \u00e8 particolarmente indicata la nostra polivalente, con capacit\u00e0 utile selezionabile da 200 a 3.500 litri.<\/p>\n<\/div>\n<\/div>\n\n\n\n<div style=\"height:var(--wp--preset--spacing--40)\" aria-hidden=\"true\" class=\"wp-block-spacer\"><\/div>\n\n\n\n<div class=\"wp-block-columns alignwide is-layout-flex wp-container-core-columns-is-layout-d1c656ed wp-block-columns-is-layout-flex\">\n<div class=\"wp-block-column is-vertically-aligned-center is-layout-flow wp-block-column-is-layout-flow\" style=\"flex-basis:40%\">\n<h3 class=\"wp-block-heading is-style-asterisk\">05 Pressa per formaggi<\/h3>\n\n\n\n<p>Nella pressa il formaggio viene modellato nella forma desiderata. Offriamo presse per formaggi efficienti in diverse versioni e per differenti dimensioni degli stampi.<\/p>\n<\/div>\n\n\n\n<div class=\"wp-block-column is-layout-flow wp-block-column-is-layout-flow\" style=\"flex-basis:50%\">\n<figure class=\"wp-block-image size-large is-style-rounded is-style-rounded--7\"><img loading=\"lazy\" decoding=\"async\" width=\"1024\" height=\"576\" src=\"https:\/\/asta-foodtec.de\/wp-content\/uploads\/2024\/11\/10-asta-foodtec-kaesepresse-1024x576.webp\" alt=\"10 ASTAfoodtec K\u00e4sepresse\" class=\"wp-image-185\" srcset=\"https:\/\/asta-foodtec.de\/wp-content\/uploads\/2024\/11\/10-asta-foodtec-kaesepresse-1024x576.webp 1024w, https:\/\/asta-foodtec.de\/wp-content\/uploads\/2024\/11\/10-asta-foodtec-kaesepresse-300x169.webp 300w, https:\/\/asta-foodtec.de\/wp-content\/uploads\/2024\/11\/10-asta-foodtec-kaesepresse-768x432.webp 768w, https:\/\/asta-foodtec.de\/wp-content\/uploads\/2024\/11\/10-asta-foodtec-kaesepresse-1536x864.webp 1536w, https:\/\/asta-foodtec.de\/wp-content\/uploads\/2024\/11\/10-asta-foodtec-kaesepresse-2048x1152.webp 2048w\" sizes=\"auto, (max-width: 1024px) 100vw, 1024px\" \/><\/figure>\n<\/div>\n<\/div>\n\n\n\n<div style=\"height:var(--wp--preset--spacing--40)\" aria-hidden=\"true\" class=\"wp-block-spacer\"><\/div>\n\n\n\n<div class=\"wp-block-columns alignwide is-layout-flex wp-container-core-columns-is-layout-d1c656ed wp-block-columns-is-layout-flex\">\n<div class=\"wp-block-column is-layout-flow wp-block-column-is-layout-flow\" style=\"flex-basis:50%\">\n<figure class=\"wp-block-image size-large is-style-rounded is-style-rounded--8\"><img loading=\"lazy\" decoding=\"async\" width=\"1024\" height=\"576\" src=\"https:\/\/asta-foodtec.de\/wp-content\/uploads\/2024\/11\/04-asta-foodtec-weichka\u2560esewanne-1024x576.webp\" alt=\"04 ASTAfoodtec Weichk\u00e4sewanne\" class=\"wp-image-179\" srcset=\"https:\/\/asta-foodtec.de\/wp-content\/uploads\/2024\/11\/04-asta-foodtec-weichka\u2560esewanne-1024x576.webp 1024w, https:\/\/asta-foodtec.de\/wp-content\/uploads\/2024\/11\/04-asta-foodtec-weichka\u2560esewanne-300x169.webp 300w, https:\/\/asta-foodtec.de\/wp-content\/uploads\/2024\/11\/04-asta-foodtec-weichka\u2560esewanne-768x432.webp 768w, https:\/\/asta-foodtec.de\/wp-content\/uploads\/2024\/11\/04-asta-foodtec-weichka\u2560esewanne-1536x864.webp 1536w, https:\/\/asta-foodtec.de\/wp-content\/uploads\/2024\/11\/04-asta-foodtec-weichka\u2560esewanne-2048x1152.webp 2048w\" sizes=\"auto, (max-width: 1024px) 100vw, 1024px\" \/><\/figure>\n<\/div>\n\n\n\n<div class=\"wp-block-column is-vertically-aligned-center is-layout-flow wp-block-column-is-layout-flow\" style=\"flex-basis:40%\">\n<h3 class=\"wp-block-heading is-style-asterisk\">06 Vasca per formaggi molli<\/h3>\n\n\n\n<p>Forniamo vasche per formaggi a sezione semicircolare con o senza dispositivo di ribaltamento, disponibili anche in versione mobile e, su richiesta, dotate di agitatore.<\/p>\n<\/div>\n<\/div>\n\n\n\n<div style=\"height:var(--wp--preset--spacing--40)\" aria-hidden=\"true\" class=\"wp-block-spacer\"><\/div>\n\n\n\n<div class=\"wp-block-columns alignwide is-layout-flex wp-container-core-columns-is-layout-d1c656ed wp-block-columns-is-layout-flex\">\n<div class=\"wp-block-column is-vertically-aligned-center is-layout-flow wp-block-column-is-layout-flow\" style=\"flex-basis:40%\">\n<h3 class=\"wp-block-heading is-style-asterisk\">07 Vasca di pre-pressatura<\/h3>\n\n\n\n<p>Forniamo vasche di pre-pressatura idonee con fondo di trasporto e drenaggio per il funzionamento semi-automatico, nonch\u00e9 vasche di pre-pressatura semplici ed economiche per l\u2019utilizzo manuale.<\/p>\n<\/div>\n\n\n\n<div class=\"wp-block-column is-layout-flow wp-block-column-is-layout-flow\" style=\"flex-basis:50%\">\n<figure class=\"wp-block-image size-large is-style-rounded is-style-rounded--9\"><img loading=\"lazy\" decoding=\"async\" width=\"1024\" height=\"576\" src=\"https:\/\/asta-foodtec.de\/wp-content\/uploads\/2024\/11\/09-asta-foodtec-vorpresswanne-1024x576.webp\" alt=\"09 ASTAfoodtec Vorpresswanne\" class=\"wp-image-184\" srcset=\"https:\/\/asta-foodtec.de\/wp-content\/uploads\/2024\/11\/09-asta-foodtec-vorpresswanne-1024x576.webp 1024w, https:\/\/asta-foodtec.de\/wp-content\/uploads\/2024\/11\/09-asta-foodtec-vorpresswanne-300x169.webp 300w, https:\/\/asta-foodtec.de\/wp-content\/uploads\/2024\/11\/09-asta-foodtec-vorpresswanne-768x432.webp 768w, https:\/\/asta-foodtec.de\/wp-content\/uploads\/2024\/11\/09-asta-foodtec-vorpresswanne-1536x864.webp 1536w, https:\/\/asta-foodtec.de\/wp-content\/uploads\/2024\/11\/09-asta-foodtec-vorpresswanne-2048x1152.webp 2048w\" sizes=\"auto, (max-width: 1024px) 100vw, 1024px\" \/><\/figure>\n<\/div>\n<\/div>\n\n\n\n<div style=\"height:var(--wp--preset--spacing--40)\" aria-hidden=\"true\" class=\"wp-block-spacer\"><\/div>\n\n\n\n<div class=\"wp-block-columns alignwide is-layout-flex wp-container-core-columns-is-layout-d1c656ed wp-block-columns-is-layout-flex\">\n<div class=\"wp-block-column is-layout-flow wp-block-column-is-layout-flow\" style=\"flex-basis:50%\">\n<figure class=\"wp-block-image size-large is-style-rounded is-style-rounded--10\"><img loading=\"lazy\" decoding=\"async\" width=\"1024\" height=\"576\" src=\"https:\/\/asta-foodtec.de\/wp-content\/uploads\/2024\/11\/05-asta-foodtec-joghurtbereiter-1024x576.webp\" alt=\"05 ASTAfoodtec Joghurtbereiter\" class=\"wp-image-180\" srcset=\"https:\/\/asta-foodtec.de\/wp-content\/uploads\/2024\/11\/05-asta-foodtec-joghurtbereiter-1024x576.webp 1024w, https:\/\/asta-foodtec.de\/wp-content\/uploads\/2024\/11\/05-asta-foodtec-joghurtbereiter-300x169.webp 300w, https:\/\/asta-foodtec.de\/wp-content\/uploads\/2024\/11\/05-asta-foodtec-joghurtbereiter-768x432.webp 768w, https:\/\/asta-foodtec.de\/wp-content\/uploads\/2024\/11\/05-asta-foodtec-joghurtbereiter-1536x864.webp 1536w, https:\/\/asta-foodtec.de\/wp-content\/uploads\/2024\/11\/05-asta-foodtec-joghurtbereiter-2048x1152.webp 2048w\" sizes=\"auto, (max-width: 1024px) 100vw, 1024px\" \/><\/figure>\n<\/div>\n\n\n\n<div class=\"wp-block-column is-vertically-aligned-center is-layout-flow wp-block-column-is-layout-flow\" style=\"flex-basis:40%\">\n<h3 class=\"wp-block-heading is-style-asterisk\">08 Yogurtiera<\/h3>\n\n\n\n<p>La yogurtiera \u00e8 adatta alla produzione di quantit\u00e0 maggiori.<\/p>\n<\/div>\n<\/div>\n\n\n\n<div style=\"height:var(--wp--preset--spacing--40)\" aria-hidden=\"true\" class=\"wp-block-spacer\"><\/div>\n\n\n\n<div class=\"wp-block-columns alignwide is-layout-flex wp-container-core-columns-is-layout-d1c656ed wp-block-columns-is-layout-flex\">\n<div class=\"wp-block-column is-vertically-aligned-center is-layout-flow wp-block-column-is-layout-flow\" style=\"flex-basis:40%\">\n<h3 class=\"wp-block-heading is-style-asterisk\">09 Impianto per la produzione di quark<\/h3>\n\n\n\n<p>Per la produzione tradizionale di quark, noto anche come topfen, offriamo pratici impianti in diverse configurazioni e con differenti capacit\u00e0 produttive.<\/p>\n<\/div>\n\n\n\n<div class=\"wp-block-column is-layout-flow wp-block-column-is-layout-flow\" style=\"flex-basis:50%\">\n<figure class=\"wp-block-image size-large is-style-rounded is-style-rounded--11\"><img loading=\"lazy\" decoding=\"async\" width=\"1024\" height=\"576\" src=\"https:\/\/asta-foodtec.de\/wp-content\/uploads\/2024\/11\/06-asta-foodtec-quarkfertiger-1024x576.webp\" alt=\"06 ASTAfoodtec Quarkfertiger\" class=\"wp-image-181\" srcset=\"https:\/\/asta-foodtec.de\/wp-content\/uploads\/2024\/11\/06-asta-foodtec-quarkfertiger-1024x576.webp 1024w, https:\/\/asta-foodtec.de\/wp-content\/uploads\/2024\/11\/06-asta-foodtec-quarkfertiger-300x169.webp 300w, https:\/\/asta-foodtec.de\/wp-content\/uploads\/2024\/11\/06-asta-foodtec-quarkfertiger-768x432.webp 768w, https:\/\/asta-foodtec.de\/wp-content\/uploads\/2024\/11\/06-asta-foodtec-quarkfertiger-1536x864.webp 1536w, https:\/\/asta-foodtec.de\/wp-content\/uploads\/2024\/11\/06-asta-foodtec-quarkfertiger-2048x1152.webp 2048w\" sizes=\"auto, (max-width: 1024px) 100vw, 1024px\" \/><\/figure>\n<\/div>\n<\/div>\n\n\n\n<div style=\"height:var(--wp--preset--spacing--40)\" aria-hidden=\"true\" class=\"wp-block-spacer\"><\/div>\n\n\n\n<div class=\"wp-block-columns alignwide is-layout-flex wp-container-core-columns-is-layout-d1c656ed wp-block-columns-is-layout-flex\">\n<div class=\"wp-block-column is-layout-flow wp-block-column-is-layout-flow\" style=\"flex-basis:50%\">\n<figure class=\"wp-block-image size-large is-style-rounded is-style-rounded--12\"><img loading=\"lazy\" decoding=\"async\" width=\"1024\" height=\"576\" src=\"https:\/\/asta-foodtec.de\/wp-content\/uploads\/2024\/11\/08-asta-foodtec-aud-1024x576.webp\" alt=\"08 ASTAfoodtec Abf\u00fcll- und Dosierpumpe\" class=\"wp-image-183\" srcset=\"https:\/\/asta-foodtec.de\/wp-content\/uploads\/2024\/11\/08-asta-foodtec-aud-1024x576.webp 1024w, https:\/\/asta-foodtec.de\/wp-content\/uploads\/2024\/11\/08-asta-foodtec-aud-300x169.webp 300w, https:\/\/asta-foodtec.de\/wp-content\/uploads\/2024\/11\/08-asta-foodtec-aud-768x432.webp 768w, https:\/\/asta-foodtec.de\/wp-content\/uploads\/2024\/11\/08-asta-foodtec-aud-1536x864.webp 1536w, https:\/\/asta-foodtec.de\/wp-content\/uploads\/2024\/11\/08-asta-foodtec-aud-2048x1152.webp 2048w\" sizes=\"auto, (max-width: 1024px) 100vw, 1024px\" \/><\/figure>\n<\/div>\n\n\n\n<div class=\"wp-block-column is-vertically-aligned-center is-layout-flow wp-block-column-is-layout-flow\" style=\"flex-basis:40%\">\n<h3 class=\"wp-block-heading is-style-asterisk\">10 Pompa di riempimento e dosaggio<\/h3>\n\n\n\n<p>La pompa di riempimento e dosaggio garantisce un riempimento volumetrico preciso di yogurt o quark.<\/p>\n<\/div>\n<\/div>\n\n\n\n<div style=\"height:var(--wp--preset--spacing--40)\" aria-hidden=\"true\" class=\"wp-block-spacer\"><\/div>\n\n\n\n<div class=\"wp-block-columns alignwide is-layout-flex wp-container-core-columns-is-layout-d1c656ed wp-block-columns-is-layout-flex\">\n<div class=\"wp-block-column is-vertically-aligned-center is-layout-flow wp-block-column-is-layout-flow\" style=\"flex-basis:40%\">\n<h3 class=\"wp-block-heading is-style-asterisk\">11 Serbatoio di miscelazione<\/h3>\n\n\n\n<p>Il prodotto viene miscelato delicatamente nel serbatoio di miscelazione, ad esempio con una capacit\u00e0 di 400 litri, senza effetti di taglio. La nostra gamma di serbatoi di miscelazione e di processo offre molteplici possibilit\u00e0.<\/p>\n<\/div>\n\n\n\n<div class=\"wp-block-column is-layout-flow wp-block-column-is-layout-flow\" style=\"flex-basis:50%\">\n<figure class=\"wp-block-image size-large is-style-rounded is-style-rounded--13\"><img loading=\"lazy\" decoding=\"async\" width=\"1024\" height=\"576\" src=\"https:\/\/asta-foodtec.de\/wp-content\/uploads\/2024\/11\/07-asta-foodtec-mischbehaelter-1024x576.webp\" alt=\"07 ASTAfoodtec Mischbeh\u00e4lter\" class=\"wp-image-182\" srcset=\"https:\/\/asta-foodtec.de\/wp-content\/uploads\/2024\/11\/07-asta-foodtec-mischbehaelter-1024x576.webp 1024w, https:\/\/asta-foodtec.de\/wp-content\/uploads\/2024\/11\/07-asta-foodtec-mischbehaelter-300x169.webp 300w, https:\/\/asta-foodtec.de\/wp-content\/uploads\/2024\/11\/07-asta-foodtec-mischbehaelter-768x432.webp 768w, https:\/\/asta-foodtec.de\/wp-content\/uploads\/2024\/11\/07-asta-foodtec-mischbehaelter-1536x864.webp 1536w, https:\/\/asta-foodtec.de\/wp-content\/uploads\/2024\/11\/07-asta-foodtec-mischbehaelter-2048x1152.webp 2048w\" sizes=\"auto, (max-width: 1024px) 100vw, 1024px\" \/><\/figure>\n<\/div>\n<\/div>\n\n\n\n<div style=\"height:var(--wp--preset--spacing--40)\" aria-hidden=\"true\" class=\"wp-block-spacer\"><\/div>\n<\/div>\n\n\n\n<p><\/p>","protected":false},"excerpt":{"rendered":"<p>Ein Partner, ein System Mit unserem umfangreichen Produktspektrum f\u00fcr die Hofmolkerei decken wir alle Prozessschritte ab, von der Milchannahme \u00fcber die Milcherhitzung bis hin zur Weiterverarbeitung. Entdecken Sie die hochwertigen ASTAfoodtec Maschinen f\u00fcr die Hofmolkerei anhand unserer Beispielanlage. 01 Rohmilchtank Der Rohmilchtank fasst 2.500 Liter. Die Milchsammeltanks k\u00f6nnen wir mit eichf\u00e4higen Messanlagen und Milchwaagen oder [&hellip;]<\/p>\n","protected":false},"author":1,"featured_media":0,"parent":0,"menu_order":0,"comment_status":"closed","ping_status":"closed","template":"","meta":{"footnotes":""},"class_list":["post-122","page","type-page","status-publish","hentry"],"_links":{"self":[{"href":"https:\/\/asta-foodtec.de\/it\/wp-json\/wp\/v2\/pages\/122","targetHints":{"allow":["GET"]}}],"collection":[{"href":"https:\/\/asta-foodtec.de\/it\/wp-json\/wp\/v2\/pages"}],"about":[{"href":"https:\/\/asta-foodtec.de\/it\/wp-json\/wp\/v2\/types\/page"}],"author":[{"embeddable":true,"href":"https:\/\/asta-foodtec.de\/it\/wp-json\/wp\/v2\/users\/1"}],"replies":[{"embeddable":true,"href":"https:\/\/asta-foodtec.de\/it\/wp-json\/wp\/v2\/comments?post=122"}],"version-history":[{"count":9,"href":"https:\/\/asta-foodtec.de\/it\/wp-json\/wp\/v2\/pages\/122\/revisions"}],"predecessor-version":[{"id":249,"href":"https:\/\/asta-foodtec.de\/it\/wp-json\/wp\/v2\/pages\/122\/revisions\/249"}],"wp:attachment":[{"href":"https:\/\/asta-foodtec.de\/it\/wp-json\/wp\/v2\/media?parent=122"}],"curies":[{"name":"wp","href":"https:\/\/api.w.org\/{rel}","templated":true}]}}