{"id":125,"date":"2024-11-20T08:40:10","date_gmt":"2024-11-20T08:40:10","guid":{"rendered":"https:\/\/asta-foodtec.de\/?page_id=125"},"modified":"2024-11-20T15:14:01","modified_gmt":"2024-11-20T15:14:01","slug":"individuelle-konzepte","status":"publish","type":"page","link":"https:\/\/asta-foodtec.de\/it\/individuelle-konzepte\/","title":{"rendered":"Concetti su misura"},"content":{"rendered":"<div class=\"wp-block-group alignfull has-base-2-background-color has-background has-global-padding is-layout-constrained wp-container-core-group-is-layout-669513ed wp-block-group-is-layout-constrained\" style=\"margin-top:0;margin-bottom:0;padding-top:var(--wp--preset--spacing--50);padding-right:var(--wp--preset--spacing--50);padding-bottom:var(--wp--preset--spacing--50);padding-left:var(--wp--preset--spacing--50)\">\n<div class=\"wp-block-group is-vertical is-content-justification-center is-layout-flex wp-container-core-group-is-layout-52b864f0 wp-block-group-is-layout-flex\">\n<h2 class=\"wp-block-heading has-text-align-center is-style-asterisk\">Dalla <strong>consulenza<\/strong> alla <strong>manutenzione<\/strong><\/h2>\n\n\n\n<div style=\"height:0px\" aria-hidden=\"true\" class=\"wp-block-spacer wp-container-content-4f2ccadb\"><\/div>\n\n\n\n<p class=\"has-text-align-center\">Vi accompagniamo dalla prima idea fino alla manutenzione del vostro impianto. Approfittate della nostra esperienza, ottimizzate la vostra produzione <br>e avviate oggi stesso il vostro progetto con noi!<\/p>\n<\/div>\n\n\n\n<figure class=\"wp-block-image size-large is-style-rounded is-style-rounded--1\"><img loading=\"lazy\" decoding=\"async\" width=\"1024\" height=\"683\" src=\"https:\/\/asta-foodtec.de\/wp-content\/uploads\/2024\/11\/ASTAfoodtec_Hofmolkerei_Arbeiterinnen_web-1024x683.jpg\" alt=\"ASTAfoodtec Hofmolkerei Fachpersonal\" class=\"wp-image-17\" srcset=\"https:\/\/asta-foodtec.de\/wp-content\/uploads\/2024\/11\/ASTAfoodtec_Hofmolkerei_Arbeiterinnen_web-1024x683.jpg 1024w, https:\/\/asta-foodtec.de\/wp-content\/uploads\/2024\/11\/ASTAfoodtec_Hofmolkerei_Arbeiterinnen_web-300x200.jpg 300w, https:\/\/asta-foodtec.de\/wp-content\/uploads\/2024\/11\/ASTAfoodtec_Hofmolkerei_Arbeiterinnen_web-768x512.jpg 768w, https:\/\/asta-foodtec.de\/wp-content\/uploads\/2024\/11\/ASTAfoodtec_Hofmolkerei_Arbeiterinnen_web-1536x1024.jpg 1536w, https:\/\/asta-foodtec.de\/wp-content\/uploads\/2024\/11\/ASTAfoodtec_Hofmolkerei_Arbeiterinnen_web-2048x1365.jpg 2048w\" sizes=\"auto, (max-width: 1024px) 100vw, 1024px\" \/><\/figure>\n\n\n\n<div style=\"margin-top:0;margin-bottom:0;height:var(--wp--preset--spacing--40)\" aria-hidden=\"true\" class=\"wp-block-spacer\"><\/div>\n\n\n\n<div class=\"wp-block-columns alignwide is-layout-flex wp-container-core-columns-is-layout-d0bbbce0 wp-block-columns-is-layout-flex\">\n<div class=\"wp-block-column is-layout-flow wp-container-core-column-is-layout-e3d1c41b wp-block-column-is-layout-flow\">\n<h3 class=\"wp-block-heading has-text-align-left is-style-asterisk has-body-font-family has-medium-font-size\" style=\"font-style:normal;font-weight:600\">01 Consulenza generale<\/h3>\n\n\n\n<p class=\"has-text-align-left\">In una prima fase analizziamo le vostre esigenze specifiche e le valutiamo per una definizione pi\u00f9 precisa del progetto. Successivamente elaboriamo per voi un\u2019offerta personalizzata.<\/p>\n\n\n\n<p class=\"has-text-align-left\"><\/p>\n<\/div>\n\n\n\n<div class=\"wp-block-column is-layout-flow wp-container-core-column-is-layout-e3d1c41b wp-block-column-is-layout-flow\">\n<h3 class=\"wp-block-heading has-text-align-left is-style-asterisk has-body-font-family has-medium-font-size\" style=\"font-style:normal;font-weight:600\">03 Pianificazione e progettazione<\/h3>\n\n\n\n<p class=\"has-text-align-left\">Una volta definito l\u2019obiettivo preciso del progetto, ha inizio la fase di pianificazione. Per garantire uno svolgimento del progetto fluido e puntuale, definiamo nel dettaglio tutte le singole fasi operative.<\/p>\n<\/div>\n\n\n\n<div class=\"wp-block-column is-layout-flow wp-container-core-column-is-layout-e3d1c41b wp-block-column-is-layout-flow\">\n<h3 class=\"wp-block-heading has-text-align-left is-style-asterisk has-body-font-family has-medium-font-size\" style=\"font-style:normal;font-weight:600\">05 Manutenzione<\/h3>\n\n\n\n<p class=\"has-text-align-left\">Anche dopo l\u2019installazione del vostro nuovo impianto restiamo al vostro fianco. Il nostro team garantisce una manutenzione regolare dell\u2019impianto per assicurarne il funzionamento ottimale.<\/p>\n\n\n\n<p class=\"has-text-align-left\"><\/p>\n<\/div>\n<\/div>\n\n\n\n<div style=\"height:var(--wp--preset--spacing--20)\" aria-hidden=\"true\" class=\"wp-block-spacer\"><\/div>\n\n\n\n<div class=\"wp-block-columns alignwide is-layout-flex wp-container-core-columns-is-layout-d0bbbce0 wp-block-columns-is-layout-flex\">\n<div class=\"wp-block-column is-layout-flow wp-container-core-column-is-layout-e3d1c41b wp-block-column-is-layout-flow\">\n<h3 class=\"wp-block-heading has-text-align-left is-style-asterisk has-body-font-family has-medium-font-size\" style=\"font-style:normal;font-weight:600\">02 Consulenza tecnologica<\/h3>\n\n\n\n<p class=\"has-text-align-left\">Nel corso di una consulenza approfondita individuiamo le soluzioni ottimali per la vostra produzione, dalla disposizione degli spazi e dall\u2019automazione fino all\u2019efficienza energetica. Analizziamo e ottimizziamo i vostri processi nel dettaglio, consentendovi di ottenere, grazie ai nostri impianti ad alta efficienza e a un adeguato concetto energetico, risparmi energetici fino al 96%.<\/p>\n<\/div>\n\n\n\n<div class=\"wp-block-column is-layout-flow wp-container-core-column-is-layout-e3d1c41b wp-block-column-is-layout-flow\">\n<h3 class=\"wp-block-heading has-text-align-left is-style-asterisk has-body-font-family has-medium-font-size\" style=\"font-style:normal;font-weight:600\">04 Fase di realizzazione<\/h3>\n\n\n\n<p class=\"has-text-align-left\">Ha inizio la realizzazione pratica del progetto: i nostri collaboratori esperti lo attuano in modo affidabile e puntuale. Ci\u00f2 comprende la fornitura, il montaggio (se necessario), una formazione approfondita, la messa in servizio e l\u2019omologazione dell\u2019impianto.<\/p>\n<\/div>\n\n\n\n<div class=\"wp-block-column is-layout-flow wp-container-core-column-is-layout-e3d1c41b wp-block-column-is-layout-flow\">\n<h3 class=\"wp-block-heading has-text-align-left is-style-asterisk has-body-font-family has-medium-font-size\" style=\"font-style:normal;font-weight:600\">06 Assistenza<\/h3>\n\n\n\n<p class=\"has-text-align-left\">Offriamo supporto tecnico in qualsiasi momento, sia telefonicamente che in loco, e su richiesta vi affianchiamo con un\u2019assistenza intensiva alla produzione nella fase di avviamento.<\/p>\n<\/div>\n<\/div>\n<\/div>","protected":false},"excerpt":{"rendered":"<p>Von der Beratung bis zur Wartung Wir begleiten Sie von der ersten Idee bis zur Wartung Ihrer Anlage. Profitieren Sie von unserer Expertise, optimieren Sie Ihre Produktion und starten Sie jetzt Ihr Projekt mit uns! 01 Allgemeine Beratung Zuerst analysieren wir Ihre Anforderungen pr\u00e4zise, um Ihr Projekt optimal zu planen. Anschlie\u00dfend erhalten Sie ein ma\u00dfgeschneidertes [&hellip;]<\/p>\n","protected":false},"author":1,"featured_media":0,"parent":0,"menu_order":0,"comment_status":"closed","ping_status":"closed","template":"","meta":{"footnotes":""},"class_list":["post-125","page","type-page","status-publish","hentry"],"_links":{"self":[{"href":"https:\/\/asta-foodtec.de\/it\/wp-json\/wp\/v2\/pages\/125","targetHints":{"allow":["GET"]}}],"collection":[{"href":"https:\/\/asta-foodtec.de\/it\/wp-json\/wp\/v2\/pages"}],"about":[{"href":"https:\/\/asta-foodtec.de\/it\/wp-json\/wp\/v2\/types\/page"}],"author":[{"embeddable":true,"href":"https:\/\/asta-foodtec.de\/it\/wp-json\/wp\/v2\/users\/1"}],"replies":[{"embeddable":true,"href":"https:\/\/asta-foodtec.de\/it\/wp-json\/wp\/v2\/comments?post=125"}],"version-history":[{"count":3,"href":"https:\/\/asta-foodtec.de\/it\/wp-json\/wp\/v2\/pages\/125\/revisions"}],"predecessor-version":[{"id":175,"href":"https:\/\/asta-foodtec.de\/it\/wp-json\/wp\/v2\/pages\/125\/revisions\/175"}],"wp:attachment":[{"href":"https:\/\/asta-foodtec.de\/it\/wp-json\/wp\/v2\/media?parent=125"}],"curies":[{"name":"wp","href":"https:\/\/api.w.org\/{rel}","templated":true}]}}